{"id":3722,"date":"2026-05-13T00:00:04","date_gmt":"2026-05-13T03:00:04","guid":{"rendered":"https:\/\/siad.cl\/cl\/?page_id=3722"},"modified":"2026-05-13T00:11:33","modified_gmt":"2026-05-13T03:11:33","slug":"politica-de-privacidad","status":"publish","type":"page","link":"https:\/\/siad.cl\/cl\/politica-de-privacidad\/","title":{"rendered":"Pol\u00edtica de privacidad"},"content":{"rendered":"\t\t<div data-elementor-type=\"wp-page\" data-elementor-id=\"3722\" class=\"elementor elementor-3722\">\n\t\t\t\t\t\t<section class=\"elementor-section elementor-top-section elementor-element elementor-element-340d0e77 elementor-section-height-min-height elementor-section-content-middle elementor-section-boxed elementor-section-height-default elementor-section-items-middle\" data-id=\"340d0e77\" data-element_type=\"section\" data-e-type=\"section\" data-settings=\"{&quot;background_background&quot;:&quot;classic&quot;}\">\n\t\t\t\t\t\t\t<div class=\"elementor-background-overlay\"><\/div>\n\t\t\t\t\t\t\t<div class=\"elementor-container elementor-column-gap-no\">\n\t\t\t\t\t<div class=\"elementor-column elementor-col-100 elementor-top-column elementor-element elementor-element-75488639\" data-id=\"75488639\" data-element_type=\"column\" data-e-type=\"column\" data-settings=\"{&quot;background_background&quot;:&quot;classic&quot;}\">\n\t\t\t<div class=\"elementor-widget-wrap elementor-element-populated\">\n\t\t\t\t\t\t<div class=\"elementor-element elementor-element-7225e4c5 elementor-widget elementor-widget-heading\" data-id=\"7225e4c5\" data-element_type=\"widget\" data-e-type=\"widget\" data-widget_type=\"heading.default\">\n\t\t\t\t<div class=\"elementor-widget-container\">\n\t\t\t\t\t<h2 class=\"elementor-heading-title elementor-size-default\">Pol\u00edtica de privacidad y protecci\u00f3n de datos<\/h2>\t\t\t\t<\/div>\n\t\t\t\t<\/div>\n\t\t\t\t\t<\/div>\n\t\t<\/div>\n\t\t\t\t\t<\/div>\n\t\t<\/section>\n\t\t\t\t<section class=\"elementor-section elementor-top-section elementor-element elementor-element-2870aaf9 elementor-section-boxed elementor-section-height-default elementor-section-height-default\" data-id=\"2870aaf9\" data-element_type=\"section\" data-e-type=\"section\">\n\t\t\t\t\t\t\t<div class=\"elementor-background-overlay\"><\/div>\n\t\t\t\t\t\t\t<div class=\"elementor-container elementor-column-gap-no\">\n\t\t\t\t\t<div class=\"elementor-column elementor-col-50 elementor-top-column elementor-element elementor-element-628b3d23\" data-id=\"628b3d23\" data-element_type=\"column\" data-e-type=\"column\">\n\t\t\t<div class=\"elementor-widget-wrap elementor-element-populated\">\n\t\t\t\t\t\t<div class=\"elementor-element elementor-element-d6849ac elementor-widget elementor-widget-image\" data-id=\"d6849ac\" data-element_type=\"widget\" data-e-type=\"widget\" data-widget_type=\"image.default\">\n\t\t\t\t<div class=\"elementor-widget-container\">\n\t\t\t\t\t\t\t\t\t\t\t\t\t\t\t<img fetchpriority=\"high\" decoding=\"async\" width=\"1638\" height=\"1092\" src=\"https:\/\/siad.cl\/cl\/wp-content\/uploads\/2025\/10\/Alumnos-SIAD-2025-Mapocho-102-copia.jpg\" class=\"attachment-full size-full wp-image-3037\" alt=\"\" srcset=\"https:\/\/siad.cl\/cl\/wp-content\/uploads\/2025\/10\/Alumnos-SIAD-2025-Mapocho-102-copia.jpg 1638w, https:\/\/siad.cl\/cl\/wp-content\/uploads\/2025\/10\/Alumnos-SIAD-2025-Mapocho-102-copia-300x200.jpg 300w, https:\/\/siad.cl\/cl\/wp-content\/uploads\/2025\/10\/Alumnos-SIAD-2025-Mapocho-102-copia-1024x683.jpg 1024w, https:\/\/siad.cl\/cl\/wp-content\/uploads\/2025\/10\/Alumnos-SIAD-2025-Mapocho-102-copia-768x512.jpg 768w, https:\/\/siad.cl\/cl\/wp-content\/uploads\/2025\/10\/Alumnos-SIAD-2025-Mapocho-102-copia-1536x1024.jpg 1536w, https:\/\/siad.cl\/cl\/wp-content\/uploads\/2025\/10\/Alumnos-SIAD-2025-Mapocho-102-copia-700x466.jpg 700w, https:\/\/siad.cl\/cl\/wp-content\/uploads\/2025\/10\/Alumnos-SIAD-2025-Mapocho-102-copia-620x413.jpg 620w, https:\/\/siad.cl\/cl\/wp-content\/uploads\/2025\/10\/Alumnos-SIAD-2025-Mapocho-102-copia-400x266.jpg 400w\" sizes=\"(max-width: 1638px) 100vw, 1638px\" \/>\t\t\t\t\t\t\t\t\t\t\t\t\t\t\t<\/div>\n\t\t\t\t<\/div>\n\t\t\t\t\t<\/div>\n\t\t<\/div>\n\t\t\t\t<div class=\"elementor-column elementor-col-50 elementor-top-column elementor-element elementor-element-37232e4c\" data-id=\"37232e4c\" data-element_type=\"column\" data-e-type=\"column\">\n\t\t\t<div class=\"elementor-widget-wrap elementor-element-populated\">\n\t\t\t\t\t\t<div class=\"elementor-element elementor-element-ccd3aff elementor-widget elementor-widget-heading\" data-id=\"ccd3aff\" data-element_type=\"widget\" data-e-type=\"widget\" data-widget_type=\"heading.default\">\n\t\t\t\t<div class=\"elementor-widget-container\">\n\t\t\t\t\t<h5 class=\"elementor-heading-title elementor-size-default\">Te invitamos a conocer nuestra pol\u00edtica de privacidad, y la forma en que protegemos tus datos personales:<\/h5>\t\t\t\t<\/div>\n\t\t\t\t<\/div>\n\t\t\t\t<div class=\"elementor-element elementor-element-f9cca90 elementor-widget-divider--separator-type-pattern elementor-widget-divider--view-line elementor-widget elementor-widget-divider\" data-id=\"f9cca90\" data-element_type=\"widget\" data-e-type=\"widget\" data-widget_type=\"divider.default\">\n\t\t\t\t<div class=\"elementor-widget-container\">\n\t\t\t\t\t\t\t<div class=\"elementor-divider\" style=\"--divider-pattern-url: url(&quot;data:image\/svg+xml,%3Csvg xmlns=&#039;http:\/\/www.w3.org\/2000\/svg&#039; preserveAspectRatio=&#039;none&#039; overflow=&#039;visible&#039; height=&#039;100%&#039; viewBox=&#039;0 0 24 24&#039; fill=&#039;none&#039; stroke=&#039;black&#039; stroke-width=&#039;4&#039; stroke-linecap=&#039;square&#039; stroke-miterlimit=&#039;10&#039;%3E%3Cpolyline points=&#039;0,18 12,6 24,18 &#039;\/%3E%3C\/svg%3E&quot;);\">\n\t\t\t<span class=\"elementor-divider-separator\">\n\t\t\t\t\t\t<\/span>\n\t\t<\/div>\n\t\t\t\t\t\t<\/div>\n\t\t\t\t<\/div>\n\t\t\t\t<div class=\"elementor-element elementor-element-81323c7 elementor-widget elementor-widget-text-editor\" data-id=\"81323c7\" data-element_type=\"widget\" data-e-type=\"widget\" data-widget_type=\"text-editor.default\">\n\t\t\t\t<div class=\"elementor-widget-container\">\n\t\t\t\t\t\t\t\t\t<p>SIAD es la principal feria de alternativas acad\u00e9micas y orientaci\u00f3n vocacional del pa\u00eds. Organizada por Exhibits S.A., la exitosa experiencia con 21 a\u00f1os de trayectoria, la consolidaci\u00f3n y constante crecimiento en el n\u00famero de instituciones participantes y asistentes, se ven reflejados en la participaci\u00f3n de m\u00e1s del 80% de las Universidades estatales y privadas a nivel nacional, de Institutos Profesionales, Centros de Formaci\u00f3n T\u00e9cnica y participaci\u00f3n de instituciones internacionales, y 50.000 visitantes aproximadamente entre los que se encuentran estudiantes, orientadores, profesores y apoderados.<\/p><p>SIAD asegura la confidencialidad y protecci\u00f3n de los datos de car\u00e1cter personal y la debida reserva de la informaci\u00f3n confidencial de las empresas y\/o personas que han suscrito contratos con nosotros, especialmente los datos personales de los estudiantes y visitantes que asisten a la feria y de las personas que navegan en nuestro sitio web <a href=\"http:\/\/www.siad.cl\">www.siad.cl<\/a> o visitan nuestras redes sociales, tanto para buscar informaci\u00f3n, como para saber m\u00e1s sobre SIAD y sus servicios.<\/p><p>Para los efectos de esta pol\u00edtica, se denominar\u00e1 Usuario a las personas naturales que consuman productos o servicios provistos por Exhibits S.A., ya sean estos gratuitos u onerosos, que se registren en formularios generados por Exhibits S.A., y\/o que visiten o naveguen en la o las p\u00e1ginas y Redes Sociales de Exhibits, entre las cuales se encuentran: y Tiktok (siadchile).<\/p><ol><li><strong>Recopilaci\u00f3n de datos<\/strong><\/li><\/ol><p>Los datos personales que trata SIAD provienen del consentimiento de sus titulares, el que se entrega de forma libre e informada. SIAD podr\u00e1 solicitar y recabar las siguientes categor\u00edas de informaci\u00f3n personal incluyendo, pero no limit\u00e1ndose a las siguientes:<\/p><ul><li><strong>Informaci\u00f3n de Identificaci\u00f3n:<\/strong> A las instituciones que suscriban contratos con SIAD, se les solicitar\u00e1 que provean informaci\u00f3n de identificaci\u00f3n para confirmar que sean empresas legalmente constituidas, y que las personer\u00edas de sus representantes se encuentren vigentes. Asimismo, se les solicitar\u00e1 a los estudiantes que asisten a la feria, informaci\u00f3n sobre su identificaci\u00f3n personal y medios de contacto, a los efectos de gestionar accesos a la feria, as\u00ed como tambi\u00e9n de entregarles informaci\u00f3n sobre las distintas alternativas que ofrecen los exponentes en relaci\u00f3n con la educaci\u00f3n superior.<br \/><br \/><\/li><li><strong>Informaci\u00f3n recopilada mediante Cookies <\/strong>: Utilizamos varias tecnolog\u00edas para recopilar informaci\u00f3n, y esto puede incluir el env\u00edo de cookies a su ordenador o dispositivo m\u00f3vil. Las cookies son peque\u00f1os archivos de datos que se almacenan en el disco duro o en la memoria del dispositivo por un sitio web. Entre otras cosas, las cookies apoyan la integridad de nuestro proceso de registro, retienen sus preferencias y configuraci\u00f3n de la cuenta, y ayudan a evaluar y recopilar estad\u00edsticas agregadas sobre actividad del Usuario. Tambi\u00e9n podemos recopilar informaci\u00f3n a trav\u00e9s de web beacons, que son im\u00e1genes electr\u00f3nicas que pueden ser utilizadas en nuestras redes sociales o correos electr\u00f3nicos. Podemos utilizar web beacons para generar las cookies, contar visitas, comprender el uso y determinar si un correo electr\u00f3nico ha sido abierto y utilizado.<br \/><br \/><\/li><li><strong>Informaci\u00f3n T\u00e9cnica y de Navegaci\u00f3n<\/strong>: Podemos recoger la informaci\u00f3n del tipo de navegador, la direcci\u00f3n de protocolo de internet, p\u00e1ginas visitadas, y el tiempo promedio de permanencia en nuestro Sitio Web. Esta informaci\u00f3n puede ser utilizada, por ejemplo, para avisarle al Usuario de los problemas de compatibilidad de software, o puede ser analizada para mejorar nuestro dise\u00f1o web y funcionalidad.<\/li><\/ul><p>\u00a0<\/p><ol start=\"2\"><li><strong>Uso de Datos y Finalidad<\/strong><\/li><\/ol><p>SIAD podr\u00e1 utilizar la informaci\u00f3n que le proporcionen los estudiantes que participen en la feria, para generar una base de datos a ser comunicada a las distintas Instituciones de Educaci\u00f3n Superior que expongan en la misma. Tambi\u00e9n, podr\u00e1 utilizar los datos provistos tanto por estudiantes como por dichas instituciones para mejorar y personalizar los servicios ofrecidos, as\u00ed como utilizar los datos para fines estad\u00edsticos y de estudio. La suscripci\u00f3n de contratos con SIAD y la inscripci\u00f3n en los formularios destinados para la gesti\u00f3n de los accesos antes de asistir a la feria, adem\u00e1s de la informaci\u00f3n proporcionada mediante esta Pol\u00edtica de Protecci\u00f3n de Datos constituyen una manifestaci\u00f3n expresa del consentimiento al tratamiento de datos personales y al uso de las cookies aqu\u00ed informadas.<\/p><p>El tratamiento de datos personales seguir\u00e1 \u00fanicamente los fines propios de la naturaleza de la feria. Entre ellos, podemos contar: ofrecer orientaci\u00f3n vocacional y acad\u00e9mica a los estudiantes mayores de 16 a\u00f1os que asistan a la feria; el env\u00edo o comunicaci\u00f3n, a los mismos estudiantes, de ofertas acad\u00e9micas, informaciones relacionadas a mallas curriculares, carreras t\u00e9cnicas o profesionales, cursos y especializaciones, beneficios, actividades de difusi\u00f3n; y, en general, el env\u00edo o comunicaci\u00f3n de informaciones sobre procesos de postulaci\u00f3n, financiamiento y becas, y otros aspectos afines a la educaci\u00f3n superior.<\/p><ol start=\"3\"><li><strong>Seguridad, Protecci\u00f3n y Almacenamiento de Datos<\/strong><\/li><\/ol><p>Los datos personales que almacena SIAD ser\u00e1n conservados \u00fanicamente durante el tiempo que resulte necesario para los fines mencionados en esta pol\u00edtica.<\/p><p>SIAD adopta y continuar\u00e1 adoptando todas las medidas razonables, incluidas las , para asegurar la confidencialidad, integridad, disponibilidad y resiliencia de los sistemas de tratamiento de datos, con el fin de proteger su informaci\u00f3n personal respecto de p\u00e9rdidas, filtraciones, robo, mal uso, tratamiento o acceso no autorizado, revelaci\u00f3n, alteraci\u00f3n y destrucci\u00f3n total o parcial.<\/p><p>Pese a todas las medidas que adoptamos, y continuaremos adoptando, ning\u00fan sistema es completamente seguro e infalible. Por tanto, sabiendo eso, el Usuario asume este riesgo al aportar sus datos personales y usar el sitio web de SIAD, lo que confirma en la entrega de consentimiento libre e informado.<\/p><ol start=\"4\"><li><strong>Comunicaci\u00f3n y ejercicio de derechos de los titulares de datos<\/strong><\/li><\/ol><p>Usted puede comunicarse con nosotros mediante la casilla de correo electr\u00f3nico <a href=\"mailto:contacto@exhibits.cl\">contacto@exhibits.cl<\/a>. De la misma forma, SIAD podr\u00e1 comunicarse con usted mediante correos electr\u00f3nicos dirigidos a las casillas aportadas por los asistentes a trav\u00e9s de los formularios para acceder a la feria. Para los efectos de ejercer los derechos que la Ley 19.628 otorga a los titulares de datos, Exhibits S.A., pone a disposici\u00f3n de dichos titulares el mismo correo electr\u00f3nico <a href=\"mailto:contacto@exhibits.cl\">contacto@exhibits.cl<\/a>. Dirigi\u00e9ndose a esta casilla, usted podr\u00e1 ejercer sus derechos de Acceso, Rectificaci\u00f3n, Supresi\u00f3n, Oposici\u00f3n, Bloqueo y Portabilidad seg\u00fan corresponda, recibiendo una respuesta en tiempo y forma, seg\u00fan lo establece la Ley.<\/p><p>Para los efectos de esta Pol\u00edtica de Protecci\u00f3n de Datos, el Responsable del Tratamiento de los Datos de los estudiantes y dem\u00e1s asistentes que participan de la feria es Exhibits S.A. y su representante legal es don Edgardo Vogel Behar.<\/p><ol start=\"5\"><li><strong>Modificaci\u00f3n y Eliminaci\u00f3n de Datos, y otras solicitudes<\/strong><\/li><\/ol><p>Si el Usuario quiere solicitar el acceso, la rectificaci\u00f3n, supresi\u00f3n, oposici\u00f3n o portabilidad de sus datos personales, de conformidad a la ley, o si desea solicitar la correcci\u00f3n de cualquier informaci\u00f3n inexacta o desactualizada, o la eliminaci\u00f3n de sus datos personales de la base de datos de SIAD, deber\u00e1 hacerlo dirigi\u00e9ndose<\/p><p>De todas formas, el Usuario siempre tendr\u00e1 el derecho de acudir a la Agencia Nacional de Protecci\u00f3n de Datos, una vez que \u00e9sta se instale, respecto a esta u otras materias que resulten pertinentes.<\/p><ol start=\"6\"><li><strong>Consentimiento<\/strong><\/li><\/ol><p>El consentimiento otorgado por nuestros Usuarios para el tratamiento de sus datos personales se hace de forma libre, inequ\u00edvoca e informada. Este consentimiento puede ser siempre revocado conforme a la ley. Sin perjuicio de ello, el retiro del consentimiento no afectar\u00e1 la licitud del tratamiento basado en el consentimiento otorgado previamente y no tendr\u00e1 efectos retroactivos, conforme establece la Ley.<\/p><ol start=\"7\"><li><strong>Modificaciones en la Pol\u00edtica de Protecci\u00f3n de Datos<\/strong><\/li><\/ol><p>SIAD se reserva el derecho a modificar esta pol\u00edtica de protecci\u00f3n de datos de forma unilateral y seg\u00fan estime conveniente para el adecuado cumplimiento de la Ley. Recomendamos, por lo tanto, revisarla constantemente para estar al d\u00eda con sus actualizaciones.<\/p>\t\t\t\t\t\t\t\t<\/div>\n\t\t\t\t<\/div>\n\t\t\t\t<div class=\"elementor-element elementor-element-26e16c2 elementor-widget elementor-widget-spacer\" data-id=\"26e16c2\" data-element_type=\"widget\" data-e-type=\"widget\" data-widget_type=\"spacer.default\">\n\t\t\t\t<div class=\"elementor-widget-container\">\n\t\t\t\t\t\t\t<div class=\"elementor-spacer\">\n\t\t\t<div class=\"elementor-spacer-inner\"><\/div>\n\t\t<\/div>\n\t\t\t\t\t\t<\/div>\n\t\t\t\t<\/div>\n\t\t\t\t\t<\/div>\n\t\t<\/div>\n\t\t\t\t\t<\/div>\n\t\t<\/section>\n\t\t\t\t<\/div>\n\t\t","protected":false},"excerpt":{"rendered":"<p>Pol\u00edtica de privacidad y protecci\u00f3n de datos Te invitamos a conocer nuestra pol\u00edtica de privacidad, y la forma en que protegemos tus datos personales: SIAD es la principal feria de [&hellip;]<\/p>\n","protected":false},"author":1,"featured_media":0,"parent":0,"menu_order":0,"comment_status":"closed","ping_status":"closed","template":"elementor_header_footer","meta":{"_EventAllDay":false,"_EventTimezone":"","_EventStartDate":"","_EventEndDate":"","_EventStartDateUTC":"","_EventEndDateUTC":"","_EventShowMap":false,"_EventShowMapLink":false,"_EventURL":"","_EventCost":"","_EventCostDescription":"","_EventCurrencySymbol":"","_EventCurrencyCode":"","_EventCurrencyPosition":"","_EventDateTimeSeparator":"","_EventTimeRangeSeparator":"","_EventOrganizerID":[],"_EventVenueID":[],"_OrganizerEmail":"","_OrganizerPhone":"","_OrganizerWebsite":"","_VenueAddress":"","_VenueCity":"","_VenueCountry":"","_VenueProvince":"","_VenueState":"","_VenueZip":"","_VenuePhone":"","_VenueURL":"","_VenueStateProvince":"","_VenueLat":"","_VenueLng":"","_VenueShowMap":false,"_VenueShowMapLink":false,"footnotes":""},"class_list":["post-3722","page","type-page","status-publish","hentry"],"_links":{"self":[{"href":"https:\/\/siad.cl\/cl\/wp-json\/wp\/v2\/pages\/3722","targetHints":{"allow":["GET"]}}],"collection":[{"href":"https:\/\/siad.cl\/cl\/wp-json\/wp\/v2\/pages"}],"about":[{"href":"https:\/\/siad.cl\/cl\/wp-json\/wp\/v2\/types\/page"}],"author":[{"embeddable":true,"href":"https:\/\/siad.cl\/cl\/wp-json\/wp\/v2\/users\/1"}],"replies":[{"embeddable":true,"href":"https:\/\/siad.cl\/cl\/wp-json\/wp\/v2\/comments?post=3722"}],"version-history":[{"count":22,"href":"https:\/\/siad.cl\/cl\/wp-json\/wp\/v2\/pages\/3722\/revisions"}],"predecessor-version":[{"id":3751,"href":"https:\/\/siad.cl\/cl\/wp-json\/wp\/v2\/pages\/3722\/revisions\/3751"}],"wp:attachment":[{"href":"https:\/\/siad.cl\/cl\/wp-json\/wp\/v2\/media?parent=3722"}],"curies":[{"name":"wp","href":"https:\/\/api.w.org\/{rel}","templated":true}]}}