{"id":2089,"date":"2024-09-09T23:17:08","date_gmt":"2024-09-10T02:17:08","guid":{"rendered":"https:\/\/siad.cl\/cl\/?page_id=2089"},"modified":"2024-09-09T23:17:38","modified_gmt":"2024-09-10T02:17:38","slug":"universidad-mayor","status":"publish","type":"page","link":"https:\/\/siad.cl\/cl\/universidad-mayor\/","title":{"rendered":"Universidad Mayor"},"content":{"rendered":"\t\t<div data-elementor-type=\"wp-page\" data-elementor-id=\"2089\" class=\"elementor elementor-2089\">\n\t\t\t\t\t\t<section class=\"elementor-section elementor-top-section elementor-element elementor-element-340d0e77 elementor-section-height-min-height elementor-section-content-middle elementor-section-boxed elementor-section-height-default elementor-section-items-middle\" data-id=\"340d0e77\" data-element_type=\"section\" data-e-type=\"section\" data-settings=\"{&quot;background_background&quot;:&quot;classic&quot;}\">\n\t\t\t\t\t\t\t<div class=\"elementor-background-overlay\"><\/div>\n\t\t\t\t\t\t\t<div class=\"elementor-container elementor-column-gap-no\">\n\t\t\t\t\t<div class=\"elementor-column elementor-col-100 elementor-top-column elementor-element elementor-element-75488639\" data-id=\"75488639\" data-element_type=\"column\" data-e-type=\"column\" data-settings=\"{&quot;background_background&quot;:&quot;classic&quot;}\">\n\t\t\t<div class=\"elementor-widget-wrap elementor-element-populated\">\n\t\t\t\t\t\t<div class=\"elementor-element elementor-element-7225e4c5 elementor-widget elementor-widget-heading\" data-id=\"7225e4c5\" data-element_type=\"widget\" data-e-type=\"widget\" data-widget_type=\"heading.default\">\n\t\t\t\t<div class=\"elementor-widget-container\">\n\t\t\t\t\t<h1 class=\"elementor-heading-title elementor-size-default\">UNIVERSIDAD MAYOR<\/h1>\t\t\t\t<\/div>\n\t\t\t\t<\/div>\n\t\t\t\t\t<\/div>\n\t\t<\/div>\n\t\t\t\t\t<\/div>\n\t\t<\/section>\n\t\t\t\t<section class=\"elementor-section elementor-top-section elementor-element elementor-element-2870aaf9 elementor-section-boxed elementor-section-height-default elementor-section-height-default\" data-id=\"2870aaf9\" data-element_type=\"section\" data-e-type=\"section\">\n\t\t\t\t\t\t\t<div class=\"elementor-background-overlay\"><\/div>\n\t\t\t\t\t\t\t<div class=\"elementor-container elementor-column-gap-no\">\n\t\t\t\t\t<div class=\"elementor-column elementor-col-50 elementor-top-column elementor-element elementor-element-628b3d23\" data-id=\"628b3d23\" data-element_type=\"column\" data-e-type=\"column\">\n\t\t\t<div class=\"elementor-widget-wrap elementor-element-populated\">\n\t\t\t\t\t\t<div class=\"elementor-element elementor-element-d6849ac elementor-widget elementor-widget-image\" data-id=\"d6849ac\" data-element_type=\"widget\" data-e-type=\"widget\" data-widget_type=\"image.default\">\n\t\t\t\t<div class=\"elementor-widget-container\">\n\t\t\t\t\t\t\t\t\t\t\t\t\t\t\t<img fetchpriority=\"high\" decoding=\"async\" width=\"600\" height=\"338\" src=\"https:\/\/siad.cl\/cl\/wp-content\/uploads\/2024\/09\/u-mayor.jpg\" class=\"attachment-full size-full wp-image-2091\" alt=\"\" srcset=\"https:\/\/siad.cl\/cl\/wp-content\/uploads\/2024\/09\/u-mayor.jpg 600w, https:\/\/siad.cl\/cl\/wp-content\/uploads\/2024\/09\/u-mayor-300x169.jpg 300w\" sizes=\"(max-width: 600px) 100vw, 600px\" \/>\t\t\t\t\t\t\t\t\t\t\t\t\t\t\t<\/div>\n\t\t\t\t<\/div>\n\t\t\t\t<div class=\"elementor-element elementor-element-283b3535 elementor-widget elementor-widget-icon-box\" data-id=\"283b3535\" data-element_type=\"widget\" data-e-type=\"widget\" data-widget_type=\"icon-box.default\">\n\t\t\t\t<div class=\"elementor-widget-container\">\n\t\t\t\t\t\t\t<div class=\"elementor-icon-box-wrapper\">\n\n\t\t\t\n\t\t\t\t\t\t<div class=\"elementor-icon-box-content\">\n\n\t\t\t\t\t\t\t\t\t<h5 class=\"elementor-icon-box-title\">\n\t\t\t\t\t\t<a href=\"https:\/\/www.umayor.cl\/santiago\" target=\"_blank\" >\n\t\t\t\t\t\t\twww.umayor.cl\/santiago\t\t\t\t\t\t<\/a>\n\t\t\t\t\t<\/h5>\n\t\t\t\t\n\t\t\t\t\n\t\t\t<\/div>\n\t\t\t\n\t\t<\/div>\n\t\t\t\t\t\t<\/div>\n\t\t\t\t<\/div>\n\t\t\t\t\t<\/div>\n\t\t<\/div>\n\t\t\t\t<div class=\"elementor-column elementor-col-50 elementor-top-column elementor-element elementor-element-37232e4c\" data-id=\"37232e4c\" data-element_type=\"column\" data-e-type=\"column\">\n\t\t\t<div class=\"elementor-widget-wrap elementor-element-populated\">\n\t\t\t\t\t\t<section class=\"elementor-section elementor-inner-section elementor-element elementor-element-1c50e4ab elementor-section-boxed elementor-section-height-default elementor-section-height-default\" data-id=\"1c50e4ab\" data-element_type=\"section\" data-e-type=\"section\">\n\t\t\t\t\t\t<div class=\"elementor-container elementor-column-gap-no\">\n\t\t\t\t\t<div class=\"elementor-column elementor-col-100 elementor-inner-column elementor-element elementor-element-60808048\" data-id=\"60808048\" data-element_type=\"column\" data-e-type=\"column\" data-settings=\"{&quot;background_background&quot;:&quot;classic&quot;}\">\n\t\t\t<div class=\"elementor-widget-wrap elementor-element-populated\">\n\t\t\t\t\t<div class=\"elementor-background-overlay\"><\/div>\n\t\t\t\t\t\t<div class=\"elementor-element elementor-element-68233e33 elementor-widget-divider--separator-type-pattern elementor-widget-divider--view-line elementor-widget elementor-widget-divider\" data-id=\"68233e33\" data-element_type=\"widget\" data-e-type=\"widget\" data-widget_type=\"divider.default\">\n\t\t\t\t<div class=\"elementor-widget-container\">\n\t\t\t\t\t\t\t<div class=\"elementor-divider\" style=\"--divider-pattern-url: url(&quot;data:image\/svg+xml,%3Csvg xmlns=&#039;http:\/\/www.w3.org\/2000\/svg&#039; preserveAspectRatio=&#039;none&#039; overflow=&#039;visible&#039; height=&#039;100%&#039; viewBox=&#039;0 0 24 24&#039; fill=&#039;none&#039; stroke=&#039;black&#039; stroke-width=&#039;4&#039; stroke-linecap=&#039;square&#039; stroke-miterlimit=&#039;10&#039;%3E%3Cpolyline points=&#039;0,18 12,6 24,18 &#039;\/%3E%3C\/svg%3E&quot;);\">\n\t\t\t<span class=\"elementor-divider-separator\">\n\t\t\t\t\t\t<\/span>\n\t\t<\/div>\n\t\t\t\t\t\t<\/div>\n\t\t\t\t<\/div>\n\t\t\t\t<div class=\"elementor-element elementor-element-83149e elementor-widget elementor-widget-heading\" data-id=\"83149e\" data-element_type=\"widget\" data-e-type=\"widget\" data-widget_type=\"heading.default\">\n\t\t\t\t<div class=\"elementor-widget-container\">\n\t\t\t\t\t<h3 class=\"elementor-heading-title elementor-size-default\">Universidad Mayor\n<\/h3>\t\t\t\t<\/div>\n\t\t\t\t<\/div>\n\t\t\t\t<div class=\"elementor-element elementor-element-449e3a38 elementor-widget elementor-widget-heading\" data-id=\"449e3a38\" data-element_type=\"widget\" data-e-type=\"widget\" data-widget_type=\"heading.default\">\n\t\t\t\t<div class=\"elementor-widget-container\">\n\t\t\t\t\t<h6 class=\"elementor-heading-title elementor-size-default\">Sede Santiago - Campus Manuel Montt, Av. Manuel Montt 367, Providencia<\/h6>\t\t\t\t<\/div>\n\t\t\t\t<\/div>\n\t\t\t\t\t<\/div>\n\t\t<\/div>\n\t\t\t\t\t<\/div>\n\t\t<\/section>\n\t\t\t\t<div class=\"elementor-element elementor-element-6abc7f24 e-grid-align-left e-grid-align-mobile-left e-grid-align-tablet-left elementor-shape-rounded elementor-grid-0 elementor-widget elementor-widget-social-icons\" data-id=\"6abc7f24\" data-element_type=\"widget\" data-e-type=\"widget\" data-widget_type=\"social-icons.default\">\n\t\t\t\t<div class=\"elementor-widget-container\">\n\t\t\t\t\t\t\t<div class=\"elementor-social-icons-wrapper elementor-grid\" role=\"list\">\n\t\t\t\t\t\t\t<span class=\"elementor-grid-item\" role=\"listitem\">\n\t\t\t\t\t<a class=\"elementor-icon elementor-social-icon elementor-social-icon-facebook-f elementor-repeater-item-320e991\" href=\"https:\/\/www.facebook.com\/umayor.cl\" target=\"_blank\">\n\t\t\t\t\t\t<span class=\"elementor-screen-only\">Facebook-f<\/span>\n\t\t\t\t\t\t<i aria-hidden=\"true\" class=\"fab fa-facebook-f\"><\/i>\t\t\t\t\t<\/a>\n\t\t\t\t<\/span>\n\t\t\t\t\t\t\t<span class=\"elementor-grid-item\" role=\"listitem\">\n\t\t\t\t\t<a class=\"elementor-icon elementor-social-icon elementor-social-icon-youtube elementor-repeater-item-1491259\" href=\"https:\/\/www.youtube.com\/laumayor\" target=\"_blank\">\n\t\t\t\t\t\t<span class=\"elementor-screen-only\">Youtube<\/span>\n\t\t\t\t\t\t<i aria-hidden=\"true\" class=\"fab fa-youtube\"><\/i>\t\t\t\t\t<\/a>\n\t\t\t\t<\/span>\n\t\t\t\t\t\t\t<span class=\"elementor-grid-item\" role=\"listitem\">\n\t\t\t\t\t<a class=\"elementor-icon elementor-social-icon elementor-social-icon-instagram elementor-repeater-item-5cb7115\" href=\"https:\/\/www.instagram.com\/umayor\/%20\" target=\"_blank\">\n\t\t\t\t\t\t<span class=\"elementor-screen-only\">Instagram<\/span>\n\t\t\t\t\t\t<i aria-hidden=\"true\" class=\"fab fa-instagram\"><\/i>\t\t\t\t\t<\/a>\n\t\t\t\t<\/span>\n\t\t\t\t\t\t\t<span class=\"elementor-grid-item\" role=\"listitem\">\n\t\t\t\t\t<a class=\"elementor-icon elementor-social-icon elementor-social-icon-tiktok elementor-repeater-item-192b793\" href=\"https:\/\/www.tiktok.com\/@admisionumayor\" target=\"_blank\">\n\t\t\t\t\t\t<span class=\"elementor-screen-only\">Tiktok<\/span>\n\t\t\t\t\t\t<i aria-hidden=\"true\" class=\"fab fa-tiktok\"><\/i>\t\t\t\t\t<\/a>\n\t\t\t\t<\/span>\n\t\t\t\t\t<\/div>\n\t\t\t\t\t\t<\/div>\n\t\t\t\t<\/div>\n\t\t\t\t<div class=\"elementor-element elementor-element-7558b1e9 elementor-widget elementor-widget-text-editor\" data-id=\"7558b1e9\" data-element_type=\"widget\" data-e-type=\"widget\" data-widget_type=\"text-editor.default\">\n\t\t\t\t<div class=\"elementor-widget-container\">\n\t\t\t\t\t\t\t\t\t<p class=\"x_elementtoproof\">Bienvenidos a la Universidad Mayor. El pa\u00eds y la regi\u00f3n han conocido de nuestra vocaci\u00f3n por la excelencia acad\u00e9mica y el compromiso por el desarrollo de la naci\u00f3n. La Universidad Mayor es la primera en Chile en acreditar su calidad en Estados Unidos, la acreditaci\u00f3n otorgada a nuestra Universidad por la Middle States Commission on Higher Education (MSCHE) de los Estados Unidos, es una garant\u00eda p\u00fablica de la calidad de la gesti\u00f3n institucional y efectividad educativa de la corporaci\u00f3n. Desde el a\u00f1o 2011 estamos adscritos al Sistema \u00danico de Selecci\u00f3n de Ues. del Consejo de Rectores.<\/p>\t\t\t\t\t\t\t\t<\/div>\n\t\t\t\t<\/div>\n\t\t\t\t<div class=\"elementor-element elementor-element-692748ea elementor-widget elementor-widget-heading\" data-id=\"692748ea\" data-element_type=\"widget\" data-e-type=\"widget\" data-widget_type=\"heading.default\">\n\t\t\t\t<div class=\"elementor-widget-container\">\n\t\t\t\t\t<h5 class=\"elementor-heading-title elementor-size-default\">Participaci\u00f3n en sedes SIAD:<\/h5>\t\t\t\t<\/div>\n\t\t\t\t<\/div>\n\t\t\t\t<div class=\"elementor-element elementor-element-7d116c3d elementor-widget elementor-widget-icon-box\" data-id=\"7d116c3d\" data-element_type=\"widget\" data-e-type=\"widget\" data-widget_type=\"icon-box.default\">\n\t\t\t\t<div class=\"elementor-widget-container\">\n\t\t\t\t\t\t\t<div class=\"elementor-icon-box-wrapper\">\n\n\t\t\t\n\t\t\t\t\t\t<div class=\"elementor-icon-box-content\">\n\n\t\t\t\t\t\t\t\t\t<h6 class=\"elementor-icon-box-title\">\n\t\t\t\t\t\t<span  >\n\t\t\t\t\t\t\tSantiago\t\t\t\t\t\t<\/span>\n\t\t\t\t\t<\/h6>\n\t\t\t\t\n\t\t\t\t\n\t\t\t<\/div>\n\t\t\t\n\t\t<\/div>\n\t\t\t\t\t\t<\/div>\n\t\t\t\t<\/div>\n\t\t\t\t\t<\/div>\n\t\t<\/div>\n\t\t\t\t\t<\/div>\n\t\t<\/section>\n\t\t\t\t<section class=\"elementor-section elementor-top-section elementor-element elementor-element-12ec8b22 elementor-section-boxed elementor-section-height-default elementor-section-height-default\" data-id=\"12ec8b22\" data-element_type=\"section\" data-e-type=\"section\">\n\t\t\t\t\t\t\t<div class=\"elementor-background-overlay\"><\/div>\n\t\t\t\t\t\t\t<div class=\"elementor-container elementor-column-gap-no\">\n\t\t\t\t\t<div class=\"elementor-column elementor-col-100 elementor-top-column elementor-element elementor-element-2a92513f\" data-id=\"2a92513f\" data-element_type=\"column\" data-e-type=\"column\">\n\t\t\t<div class=\"elementor-widget-wrap elementor-element-populated\">\n\t\t\t\t\t\t<div class=\"elementor-element elementor-element-332f34f elementor-widget elementor-widget-video\" data-id=\"332f34f\" data-element_type=\"widget\" data-e-type=\"widget\" data-settings=\"{&quot;youtube_url&quot;:&quot;https:\\\/\\\/youtu.be\\\/XyiM3I7Ptpo&quot;,&quot;video_type&quot;:&quot;youtube&quot;,&quot;controls&quot;:&quot;yes&quot;}\" data-widget_type=\"video.default\">\n\t\t\t\t<div class=\"elementor-widget-container\">\n\t\t\t\t\t\t\t<div class=\"elementor-wrapper elementor-open-inline\">\n\t\t\t<div class=\"elementor-video\"><\/div>\t\t<\/div>\n\t\t\t\t\t\t<\/div>\n\t\t\t\t<\/div>\n\t\t\t\t<div class=\"elementor-element elementor-element-6ca04e64 elementor-widget elementor-widget-heading\" data-id=\"6ca04e64\" data-element_type=\"widget\" data-e-type=\"widget\" data-widget_type=\"heading.default\">\n\t\t\t\t<div class=\"elementor-widget-container\">\n\t\t\t\t\t<h5 class=\"elementor-heading-title elementor-size-default\">Informaci\u00f3n adicional:<\/h5>\t\t\t\t<\/div>\n\t\t\t\t<\/div>\n\t\t\t\t<div class=\"elementor-element elementor-element-1c2b2e3a elementor-widget elementor-widget-text-editor\" data-id=\"1c2b2e3a\" data-element_type=\"widget\" data-e-type=\"widget\" data-widget_type=\"text-editor.default\">\n\t\t\t\t<div class=\"elementor-widget-container\">\n\t\t\t\t\t\t\t\t\t<p class=\"x_elementtoproof\">RAZONES PARA ESCOGER LA MAYOR<\/p><p class=\"x_elementtoproof\"><b>01\u00a0CALIDAD<\/b><\/p><p class=\"x_MsoNormal\">Acreditados por 5 a\u00f1os nivel avanzado por la CNA incluida el \u00e1rea de Investigaci\u00f3n. 95% de nuestras carreras acreditadas o certificadas. Primera universidad chilena acreditada en Estados Unidos por la agencia Middle States Commission on Higher Education, MSCHE. Top 3 entre las universidades privadas y top 17 entre las mejores universidades del pa\u00eds, seg\u00fan Ranking de Desempe\u00f1o Universidades Chilenas 2022.<\/p><p class=\"x_MsoNormal\"><b>02\u00a0INVESTIGACI\u00d3N DE FRONTERA AL SERVICIO DEL PA\u00cdS<\/b><\/p><p class=\"x_MsoNormal\">14 Centros Tecnol\u00f3gicos y de Investigaci\u00f3n nos posicionan como referentes en \u00e1reas como gen\u00f3mica, enfermedades neurodegenerativas, nuevos materiales, c\u00e1ncer, cambio clim\u00e1tico y envejecimiento. Top 1 entre las universidades privadas en calidad de investigaci\u00f3n seg\u00fan Scimago 2022 y Top 13 a nivel nacional en Ranking Nature Index. Alianza con el Centro Gen\u00f3mico de Beijing, BGI, posiciona nuestro Centro de Oncolog\u00eda de Precisi\u00f3n, COP, como el mayor laboratorio de gen\u00f3mica en Chile.<\/p><p class=\"x_MsoNormal\"><b>03\u00a0EXPERIENCIA INTERNACIONAL<\/b><\/p><p class=\"x_MsoNormal\">378 convenios internacionales activos con las mejores universidades de Europa, Asia y Am\u00e9rica, permiten optar a intercambios semestrales, pasant\u00edas de corta duraci\u00f3n, doble titulaci\u00f3n, cursos de ingl\u00e9s en el extranjero y trabajos remunerados. La alianza con el Massachusetts Institute of Technology (MIT), refleja este esp\u00edritu global al realizar cada a\u00f1o en el campus Manuel Montt, cursos de programaci\u00f3n dictados por estudiantes norteamericanos y chilenos.<\/p><p class=\"x_MsoNormal\"><b>04\u00a0MODELO CURRICULAR<\/b><\/p><p class=\"x_MsoNormal\">Curriculum con mallas modernas y flexibles que adem\u00e1s de la formaci\u00f3n profesionalizante, fomentan el desarrollo de competencias y habilidades transversales, con alternativas para que los estudiantes dise\u00f1en parte de su trayectoria acad\u00e9mica seg\u00fan sus propios intereses.<\/p><p class=\"x_MsoNormal\"><b>\u00a005\u00a0POLO DE VIDA CULTURAL<\/b><\/p><p class=\"x_MsoNormal\">Nutrida agenda teatral, musical, audiovisual y art\u00edstica, tanto en Santiago como Temuco. Cartelera de obras, conciertos, filmes y exposiciones, tanto de estudiantes como de realizadores internos y externos, se exhiben regularmente en la Sala de Teatro, el Conservatorio de M\u00fasica, la Sala de Cine y la Sala de Arte.<\/p><p class=\"x_MsoNormal\"><b>06\u00a0VIDA UNIVERSITARIA<\/b><\/p><p class=\"x_MsoNormal\">21 clubes, agrupaciones, academias cient\u00edficas y 16 selecciones deportivas de car\u00e1cter competitivo, para desarrollar gustos y talentos extraacad\u00e9micos. Vida universitaria enriquecida por la participaci\u00f3n en los centros de estudiantes apoyados por la Direcci\u00f3n Asuntos Estudiantiles, DAE. Servicio de Apoyo Psicol\u00f3gico que entrega gu\u00eda, atenci\u00f3n gratuita individual y actividades como talleres de meditaci\u00f3n y acompa\u00f1amiento.<\/p><p class=\"x_MsoNormal\"><b>07\u00a0INFRAESTRUCTURA, CENTROS Y EQUIPAMIENTO<\/b><\/p><p class=\"x_MsoNormal\">11 campus en sedes Santiago y Temuco, destacan por sus salas, laboratorios de alta tecnolog\u00eda y espacios comunes para el aprendizaje. Cl\u00ednicas propias para pr\u00e1cticas y atenci\u00f3n comunitaria en odontolog\u00eda, veterinaria, kinesiolog\u00eda, y fonoaudiolog\u00eda. Moderno Centro de Simulaci\u00f3n Cl\u00ednica, \u00fanico en Chile acreditado ante la Society for Simulation in Healthcare (SSH) de EE.UU.<\/p><p class=\"x_MsoNormal\"><b>08\u00a0UNIVERSIDAD DIGITAL<\/b><\/p><p class=\"x_MsoNormal\">Ecosistema de plataformas que conectan, facilitan el aprendizaje y el desarrollo de talentos. Contamos con el Campus Virtual, plataforma de educaci\u00f3n e interacci\u00f3n igual que un campus f\u00edsico, al que se puede acceder desde cualquier dispositivo. A trav\u00e9s de Blackboard, una de las compa\u00f1\u00edas l\u00edderes de educaci\u00f3n online en el mundo, se pueden desarrollar clases, crear comunidades y tener diversas herramientas para la gesti\u00f3n diaria de profesores y estudiantes. Sistema de Bibliotecas virtual y desarrollo para convertirnos en una instituci\u00f3n guiada por datos (Data Driven University).<\/p><p class=\"x_MsoNormal\"><b>09 ESP\u00cdRITU EMPRENDEDOR CON FOCO EN LA INNOVACI\u00d3N<\/b><\/p><p class=\"x_MsoNormal\">Sello del profesional de la Universidad Mayor, una forma de mirar y hacer las cosas diferente aportando con soluciones creativas y concretas al entorno. Alianza con el Babson College (EE.UU.), una de las mejores casas de estudios de emprendimiento en el mundo.<\/p><p class=\"x_MsoNormal\"><b>\u00a010 UNIVERSIDAD MAYOR SUSTENTABLE<\/b><\/p><p class=\"x_MsoNormal\">Comprometidos con la sustentabilidad, la innovaci\u00f3n y el desarrollo del pa\u00eds por lo que integramos la Red Pacto Global y la Red de Campus Sustentable.<\/p>\t\t\t\t\t\t\t\t<\/div>\n\t\t\t\t<\/div>\n\t\t\t\t<div class=\"elementor-element elementor-element-7b6f112 elementor-align-center elementor-widget elementor-widget-button\" data-id=\"7b6f112\" data-element_type=\"widget\" data-e-type=\"widget\" data-widget_type=\"button.default\">\n\t\t\t\t<div class=\"elementor-widget-container\">\n\t\t\t\t\t\t\t\t\t<div class=\"elementor-button-wrapper\">\n\t\t\t\t\t<a class=\"elementor-button elementor-button-link elementor-size-md\" href=\"https:\/\/siad.cl\/cl\/catalogo-de-expositores\/\">\n\t\t\t\t\t\t<span class=\"elementor-button-content-wrapper\">\n\t\t\t\t\t\t\t\t\t<span class=\"elementor-button-text\">VOLVER AL CAT\u00c1LOGO DE EXPOSITORES<\/span>\n\t\t\t\t\t<\/span>\n\t\t\t\t\t<\/a>\n\t\t\t\t<\/div>\n\t\t\t\t\t\t\t\t<\/div>\n\t\t\t\t<\/div>\n\t\t\t\t\t<\/div>\n\t\t<\/div>\n\t\t\t\t\t<\/div>\n\t\t<\/section>\n\t\t\t\t<\/div>\n\t\t","protected":false},"excerpt":{"rendered":"<p>UNIVERSIDAD MAYOR www.umayor.cl\/santiago Universidad Mayor Sede Santiago &#8211; Campus Manuel Montt, Av. Manuel Montt 367, Providencia Facebook-f Youtube Instagram Tiktok Bienvenidos a la Universidad Mayor. El pa\u00eds y la regi\u00f3n [&hellip;]<\/p>\n","protected":false},"author":2,"featured_media":0,"parent":0,"menu_order":0,"comment_status":"closed","ping_status":"closed","template":"elementor_header_footer","meta":{"_EventAllDay":false,"_EventTimezone":"","_EventStartDate":"","_EventEndDate":"","_EventStartDateUTC":"","_EventEndDateUTC":"","_EventShowMap":false,"_EventShowMapLink":false,"_EventURL":"","_EventCost":"","_EventCostDescription":"","_EventCurrencySymbol":"","_EventCurrencyCode":"","_EventCurrencyPosition":"","_EventDateTimeSeparator":"","_EventTimeRangeSeparator":"","_EventOrganizerID":[],"_EventVenueID":[],"_OrganizerEmail":"","_OrganizerPhone":"","_OrganizerWebsite":"","_VenueAddress":"","_VenueCity":"","_VenueCountry":"","_VenueProvince":"","_VenueState":"","_VenueZip":"","_VenuePhone":"","_VenueURL":"","_VenueStateProvince":"","_VenueLat":"","_VenueLng":"","_VenueShowMap":false,"_VenueShowMapLink":false,"footnotes":""},"class_list":["post-2089","page","type-page","status-publish","hentry"],"_links":{"self":[{"href":"https:\/\/siad.cl\/cl\/wp-json\/wp\/v2\/pages\/2089","targetHints":{"allow":["GET"]}}],"collection":[{"href":"https:\/\/siad.cl\/cl\/wp-json\/wp\/v2\/pages"}],"about":[{"href":"https:\/\/siad.cl\/cl\/wp-json\/wp\/v2\/types\/page"}],"author":[{"embeddable":true,"href":"https:\/\/siad.cl\/cl\/wp-json\/wp\/v2\/users\/2"}],"replies":[{"embeddable":true,"href":"https:\/\/siad.cl\/cl\/wp-json\/wp\/v2\/comments?post=2089"}],"version-history":[{"count":4,"href":"https:\/\/siad.cl\/cl\/wp-json\/wp\/v2\/pages\/2089\/revisions"}],"predecessor-version":[{"id":2094,"href":"https:\/\/siad.cl\/cl\/wp-json\/wp\/v2\/pages\/2089\/revisions\/2094"}],"wp:attachment":[{"href":"https:\/\/siad.cl\/cl\/wp-json\/wp\/v2\/media?parent=2089"}],"curies":[{"name":"wp","href":"https:\/\/api.w.org\/{rel}","templated":true}]}}