{"id":191,"date":"2024-02-23T18:14:05","date_gmt":"2024-02-23T21:14:05","guid":{"rendered":"https:\/\/siad.cl\/cl\/?page_id=191"},"modified":"2026-04-08T12:21:39","modified_gmt":"2026-04-08T15:21:39","slug":"concepcion","status":"publish","type":"page","link":"https:\/\/siad.cl\/cl\/concepcion\/","title":{"rendered":"Concepci\u00f3n"},"content":{"rendered":"\t\t<div data-elementor-type=\"wp-page\" data-elementor-id=\"191\" class=\"elementor elementor-191\">\n\t\t\t\t\t\t<section class=\"elementor-section elementor-top-section elementor-element elementor-element-73e44412 elementor-section-height-min-height elementor-section-content-middle elementor-section-boxed elementor-section-height-default elementor-section-items-middle\" data-id=\"73e44412\" data-element_type=\"section\" data-e-type=\"section\" data-settings=\"{&quot;background_background&quot;:&quot;classic&quot;}\">\n\t\t\t\t\t\t\t<div class=\"elementor-background-overlay\"><\/div>\n\t\t\t\t\t\t\t<div class=\"elementor-container elementor-column-gap-no\">\n\t\t\t\t\t<div class=\"elementor-column elementor-col-100 elementor-top-column elementor-element elementor-element-43419da3\" data-id=\"43419da3\" data-element_type=\"column\" data-e-type=\"column\" data-settings=\"{&quot;background_background&quot;:&quot;classic&quot;}\">\n\t\t\t<div class=\"elementor-widget-wrap elementor-element-populated\">\n\t\t\t\t\t\t<div class=\"elementor-element elementor-element-7a8895c1 elementor-widget elementor-widget-heading\" data-id=\"7a8895c1\" data-element_type=\"widget\" data-e-type=\"widget\" data-widget_type=\"heading.default\">\n\t\t\t\t<div class=\"elementor-widget-container\">\n\t\t\t\t\t<h1 class=\"elementor-heading-title elementor-size-default\">Concepci\u00f3n<\/h1>\t\t\t\t<\/div>\n\t\t\t\t<\/div>\n\t\t\t\t\t<\/div>\n\t\t<\/div>\n\t\t\t\t\t<\/div>\n\t\t<\/section>\n\t\t\t\t<section class=\"elementor-section elementor-top-section elementor-element elementor-element-78cbb4c9 elementor-reverse-tablet elementor-reverse-mobile elementor-section-boxed elementor-section-height-default elementor-section-height-default\" data-id=\"78cbb4c9\" data-element_type=\"section\" data-e-type=\"section\">\n\t\t\t\t\t\t\t<div class=\"elementor-background-overlay\"><\/div>\n\t\t\t\t\t\t\t<div class=\"elementor-container elementor-column-gap-no\">\n\t\t\t\t\t<div class=\"elementor-column elementor-col-50 elementor-top-column elementor-element elementor-element-3f777af1\" data-id=\"3f777af1\" data-element_type=\"column\" data-e-type=\"column\">\n\t\t\t<div class=\"elementor-widget-wrap elementor-element-populated\">\n\t\t\t\t\t\t<div class=\"elementor-element elementor-element-42fa15d4 elementor-widget elementor-widget-video\" data-id=\"42fa15d4\" data-element_type=\"widget\" data-e-type=\"widget\" data-settings=\"{&quot;youtube_url&quot;:&quot;https:\\\/\\\/www.youtube.com\\\/watch?v=783NmkhL09k&quot;,&quot;video_type&quot;:&quot;youtube&quot;,&quot;controls&quot;:&quot;yes&quot;}\" data-widget_type=\"video.default\">\n\t\t\t\t<div class=\"elementor-widget-container\">\n\t\t\t\t\t\t\t<div class=\"elementor-wrapper elementor-open-inline\">\n\t\t\t<div class=\"elementor-video\"><\/div>\t\t<\/div>\n\t\t\t\t\t\t<\/div>\n\t\t\t\t<\/div>\n\t\t\t\t<section class=\"elementor-section elementor-inner-section elementor-element elementor-element-70e9e6ce elementor-section-boxed elementor-section-height-default elementor-section-height-default\" data-id=\"70e9e6ce\" data-element_type=\"section\" data-e-type=\"section\">\n\t\t\t\t\t\t<div class=\"elementor-container elementor-column-gap-default\">\n\t\t\t\t\t<div class=\"elementor-column elementor-col-100 elementor-inner-column elementor-element elementor-element-97da8b6\" data-id=\"97da8b6\" data-element_type=\"column\" data-e-type=\"column\" data-settings=\"{&quot;background_background&quot;:&quot;classic&quot;}\">\n\t\t\t<div class=\"elementor-widget-wrap elementor-element-populated\">\n\t\t\t\t\t\t<div class=\"elementor-element elementor-element-51a321c9 elementor-icon-list--layout-traditional elementor-list-item-link-full_width elementor-widget elementor-widget-icon-list\" data-id=\"51a321c9\" data-element_type=\"widget\" data-e-type=\"widget\" data-widget_type=\"icon-list.default\">\n\t\t\t\t<div class=\"elementor-widget-container\">\n\t\t\t\t\t\t\t<ul class=\"elementor-icon-list-items\">\n\t\t\t\t\t\t\t<li class=\"elementor-icon-list-item\">\n\t\t\t\t\t\t\t\t\t\t\t<span class=\"elementor-icon-list-icon\">\n\t\t\t\t\t\t\t<i aria-hidden=\"true\" class=\"fas fa-university\"><\/i>\t\t\t\t\t\t<\/span>\n\t\t\t\t\t\t\t\t\t\t<span class=\"elementor-icon-list-text\">Universidades<\/span>\n\t\t\t\t\t\t\t\t\t<\/li>\n\t\t\t\t\t\t\t\t<li class=\"elementor-icon-list-item\">\n\t\t\t\t\t\t\t\t\t\t\t<span class=\"elementor-icon-list-icon\">\n\t\t\t\t\t\t\t<i aria-hidden=\"true\" class=\"fas fa-school\"><\/i>\t\t\t\t\t\t<\/span>\n\t\t\t\t\t\t\t\t\t\t<span class=\"elementor-icon-list-text\">Institutos<\/span>\n\t\t\t\t\t\t\t\t\t<\/li>\n\t\t\t\t\t\t\t\t<li class=\"elementor-icon-list-item\">\n\t\t\t\t\t\t\t\t\t\t\t<span class=\"elementor-icon-list-icon\">\n\t\t\t\t\t\t\t<i aria-hidden=\"true\" class=\"icon icon-open-book\"><\/i>\t\t\t\t\t\t<\/span>\n\t\t\t\t\t\t\t\t\t\t<span class=\"elementor-icon-list-text\">Centros de Formaci\u00f3n T\u00e9cnica<\/span>\n\t\t\t\t\t\t\t\t\t<\/li>\n\t\t\t\t\t\t\t\t<li class=\"elementor-icon-list-item\">\n\t\t\t\t\t\t\t\t\t\t\t<span class=\"elementor-icon-list-icon\">\n\t\t\t\t\t\t\t<i aria-hidden=\"true\" class=\"fas fa-users\"><\/i>\t\t\t\t\t\t<\/span>\n\t\t\t\t\t\t\t\t\t\t<span class=\"elementor-icon-list-text\">Escuelas<\/span>\n\t\t\t\t\t\t\t\t\t<\/li>\n\t\t\t\t\t\t\t\t<li class=\"elementor-icon-list-item\">\n\t\t\t\t\t\t\t\t\t\t\t<span class=\"elementor-icon-list-icon\">\n\t\t\t\t\t\t\t<i aria-hidden=\"true\" class=\"fas fa-people-arrows\"><\/i>\t\t\t\t\t\t<\/span>\n\t\t\t\t\t\t\t\t\t\t<span class=\"elementor-icon-list-text\">Orientaci\u00f3n Vocacional<\/span>\n\t\t\t\t\t\t\t\t\t<\/li>\n\t\t\t\t\t\t<\/ul>\n\t\t\t\t\t\t<\/div>\n\t\t\t\t<\/div>\n\t\t\t\t\t<\/div>\n\t\t<\/div>\n\t\t\t\t\t<\/div>\n\t\t<\/section>\n\t\t\t\t<section class=\"elementor-section elementor-inner-section elementor-element elementor-element-66d63b94 elementor-section-boxed elementor-section-height-default elementor-section-height-default\" data-id=\"66d63b94\" data-element_type=\"section\" data-e-type=\"section\">\n\t\t\t\t\t\t<div class=\"elementor-container elementor-column-gap-no\">\n\t\t\t\t\t<div class=\"elementor-column elementor-col-100 elementor-inner-column elementor-element elementor-element-72e40dd8\" data-id=\"72e40dd8\" data-element_type=\"column\" data-e-type=\"column\" data-settings=\"{&quot;background_background&quot;:&quot;classic&quot;}\">\n\t\t\t<div class=\"elementor-widget-wrap elementor-element-populated\">\n\t\t\t\t\t\t<div class=\"elementor-element elementor-element-48bd5110 elementor-position-left elementor-vertical-align-middle elementor-widget elementor-widget-image-box\" data-id=\"48bd5110\" data-element_type=\"widget\" data-e-type=\"widget\" data-widget_type=\"image-box.default\">\n\t\t\t\t<div class=\"elementor-widget-container\">\n\t\t\t\t\t<div class=\"elementor-image-box-wrapper\"><figure class=\"elementor-image-box-img\"><a href=\"https:\/\/siad.cl\/cl\/santiago\/\" tabindex=\"-1\"><img fetchpriority=\"high\" decoding=\"async\" width=\"1400\" height=\"933\" src=\"https:\/\/siad.cl\/cl\/wp-content\/uploads\/2024\/02\/santiago.jpg\" class=\"attachment-full size-full wp-image-587\" alt=\"\" srcset=\"https:\/\/siad.cl\/cl\/wp-content\/uploads\/2024\/02\/santiago.jpg 1400w, https:\/\/siad.cl\/cl\/wp-content\/uploads\/2024\/02\/santiago-600x400.jpg 600w, https:\/\/siad.cl\/cl\/wp-content\/uploads\/2024\/02\/santiago-300x200.jpg 300w, https:\/\/siad.cl\/cl\/wp-content\/uploads\/2024\/02\/santiago-1024x682.jpg 1024w, https:\/\/siad.cl\/cl\/wp-content\/uploads\/2024\/02\/santiago-768x512.jpg 768w\" sizes=\"(max-width: 1400px) 100vw, 1400px\" \/><\/a><\/figure><div class=\"elementor-image-box-content\"><h6 class=\"elementor-image-box-title\"><a href=\"https:\/\/siad.cl\/cl\/santiago\/\">Santiago<\/a><\/h6><\/div><\/div>\t\t\t\t<\/div>\n\t\t\t\t<\/div>\n\t\t\t\t<div class=\"elementor-element elementor-element-38b254eb elementor-position-left elementor-vertical-align-middle elementor-widget elementor-widget-image-box\" data-id=\"38b254eb\" data-element_type=\"widget\" data-e-type=\"widget\" data-widget_type=\"image-box.default\">\n\t\t\t\t<div class=\"elementor-widget-container\">\n\t\t\t\t\t<div class=\"elementor-image-box-wrapper\"><figure class=\"elementor-image-box-img\"><a href=\"https:\/\/siad.cl\/cl\/machali\/\" tabindex=\"-1\"><img decoding=\"async\" width=\"1400\" height=\"933\" src=\"https:\/\/siad.cl\/cl\/wp-content\/uploads\/2024\/02\/machali.jpg\" class=\"attachment-full size-full wp-image-585\" alt=\"\" srcset=\"https:\/\/siad.cl\/cl\/wp-content\/uploads\/2024\/02\/machali.jpg 1400w, https:\/\/siad.cl\/cl\/wp-content\/uploads\/2024\/02\/machali-600x400.jpg 600w, https:\/\/siad.cl\/cl\/wp-content\/uploads\/2024\/02\/machali-300x200.jpg 300w, https:\/\/siad.cl\/cl\/wp-content\/uploads\/2024\/02\/machali-1024x682.jpg 1024w, https:\/\/siad.cl\/cl\/wp-content\/uploads\/2024\/02\/machali-768x512.jpg 768w\" sizes=\"(max-width: 1400px) 100vw, 1400px\" \/><\/a><\/figure><div class=\"elementor-image-box-content\"><h6 class=\"elementor-image-box-title\"><a href=\"https:\/\/siad.cl\/cl\/machali\/\">Machal\u00ed<\/a><\/h6><\/div><\/div>\t\t\t\t<\/div>\n\t\t\t\t<\/div>\n\t\t\t\t<div class=\"elementor-element elementor-element-7988ef94 elementor-position-left elementor-vertical-align-middle elementor-widget elementor-widget-image-box\" data-id=\"7988ef94\" data-element_type=\"widget\" data-e-type=\"widget\" data-widget_type=\"image-box.default\">\n\t\t\t\t<div class=\"elementor-widget-container\">\n\t\t\t\t\t<div class=\"elementor-image-box-wrapper\"><figure class=\"elementor-image-box-img\"><a href=\"https:\/\/siad.cl\/cl\/valparaiso\/\" tabindex=\"-1\"><img decoding=\"async\" width=\"1400\" height=\"933\" src=\"https:\/\/siad.cl\/cl\/wp-content\/uploads\/2024\/02\/valparaiso.jpg\" class=\"attachment-full size-full wp-image-584\" alt=\"\" srcset=\"https:\/\/siad.cl\/cl\/wp-content\/uploads\/2024\/02\/valparaiso.jpg 1400w, https:\/\/siad.cl\/cl\/wp-content\/uploads\/2024\/02\/valparaiso-600x400.jpg 600w, https:\/\/siad.cl\/cl\/wp-content\/uploads\/2024\/02\/valparaiso-300x200.jpg 300w, https:\/\/siad.cl\/cl\/wp-content\/uploads\/2024\/02\/valparaiso-1024x682.jpg 1024w, https:\/\/siad.cl\/cl\/wp-content\/uploads\/2024\/02\/valparaiso-768x512.jpg 768w\" sizes=\"(max-width: 1400px) 100vw, 1400px\" \/><\/a><\/figure><div class=\"elementor-image-box-content\"><h6 class=\"elementor-image-box-title\"><a href=\"https:\/\/siad.cl\/cl\/valparaiso\/\">Valpara\u00edso<\/a><\/h6><\/div><\/div>\t\t\t\t<\/div>\n\t\t\t\t<\/div>\n\t\t\t\t\t<\/div>\n\t\t<\/div>\n\t\t\t\t\t<\/div>\n\t\t<\/section>\n\t\t\t\t\t<\/div>\n\t\t<\/div>\n\t\t\t\t<div class=\"elementor-column elementor-col-50 elementor-top-column elementor-element elementor-element-47a516d4\" data-id=\"47a516d4\" data-element_type=\"column\" data-e-type=\"column\">\n\t\t\t<div class=\"elementor-widget-wrap elementor-element-populated\">\n\t\t\t\t\t\t<section class=\"elementor-section elementor-inner-section elementor-element elementor-element-2562c66d elementor-section-boxed elementor-section-height-default elementor-section-height-default\" data-id=\"2562c66d\" data-element_type=\"section\" data-e-type=\"section\" data-settings=\"{&quot;background_background&quot;:&quot;classic&quot;}\">\n\t\t\t\t\t\t<div class=\"elementor-container elementor-column-gap-no\">\n\t\t\t\t\t<div class=\"elementor-column elementor-col-100 elementor-inner-column elementor-element elementor-element-7bf43174\" data-id=\"7bf43174\" data-element_type=\"column\" data-e-type=\"column\">\n\t\t\t<div class=\"elementor-widget-wrap elementor-element-populated\">\n\t\t\t\t\t\t<div class=\"elementor-element elementor-element-5510c33 elementor-widget elementor-widget-heading\" data-id=\"5510c33\" data-element_type=\"widget\" data-e-type=\"widget\" data-widget_type=\"heading.default\">\n\t\t\t\t<div class=\"elementor-widget-container\">\n\t\t\t\t\t<h4 class=\"elementor-heading-title elementor-size-default\">Centro de Eventos SurActivo<\/h4>\t\t\t\t<\/div>\n\t\t\t\t<\/div>\n\t\t\t\t<div class=\"elementor-element elementor-element-1466ced elementor-widget elementor-widget-heading\" data-id=\"1466ced\" data-element_type=\"widget\" data-e-type=\"widget\" data-widget_type=\"heading.default\">\n\t\t\t\t<div class=\"elementor-widget-container\">\n\t\t\t\t\t<h6 class=\"elementor-heading-title elementor-size-default\">Autopista Concepci\u00f3n-Talcahuano 8590, Hualp\u00e9n\nRegi\u00f3n del B\u00edo B\u00edo<\/h6>\t\t\t\t<\/div>\n\t\t\t\t<\/div>\n\t\t\t\t<div class=\"elementor-element elementor-element-95c039b elementor-icon-list--layout-traditional elementor-list-item-link-full_width elementor-widget elementor-widget-icon-list\" data-id=\"95c039b\" data-element_type=\"widget\" data-e-type=\"widget\" data-widget_type=\"icon-list.default\">\n\t\t\t\t<div class=\"elementor-widget-container\">\n\t\t\t\t\t\t\t<ul class=\"elementor-icon-list-items\">\n\t\t\t\t\t\t\t<li class=\"elementor-icon-list-item\">\n\t\t\t\t\t\t\t\t\t\t\t<span class=\"elementor-icon-list-icon\">\n\t\t\t\t\t\t\t<i aria-hidden=\"true\" class=\"far fa-calendar-alt\"><\/i>\t\t\t\t\t\t<\/span>\n\t\t\t\t\t\t\t\t\t\t<span class=\"elementor-icon-list-text\">Mi\u00e9rcoles 2 de septiembre: 10:00 a 16:00 hrs.<\/span>\n\t\t\t\t\t\t\t\t\t<\/li>\n\t\t\t\t\t\t\t\t<li class=\"elementor-icon-list-item\">\n\t\t\t\t\t\t\t\t\t\t\t<span class=\"elementor-icon-list-icon\">\n\t\t\t\t\t\t\t<i aria-hidden=\"true\" class=\"far fa-calendar-alt\"><\/i>\t\t\t\t\t\t<\/span>\n\t\t\t\t\t\t\t\t\t\t<span class=\"elementor-icon-list-text\">Jueves 3 de septiembre: 09:00 a 16:00 hrs.<\/span>\n\t\t\t\t\t\t\t\t\t<\/li>\n\t\t\t\t\t\t<\/ul>\n\t\t\t\t\t\t<\/div>\n\t\t\t\t<\/div>\n\t\t\t\t\t<\/div>\n\t\t<\/div>\n\t\t\t\t\t<\/div>\n\t\t<\/section>\n\t\t\t\t<div class=\"elementor-element elementor-element-1f0acab0 elementor-widget elementor-widget-image\" data-id=\"1f0acab0\" data-element_type=\"widget\" data-e-type=\"widget\" data-widget_type=\"image.default\">\n\t\t\t\t<div class=\"elementor-widget-container\">\n\t\t\t\t\t\t\t\t\t\t\t\t\t\t\t<img loading=\"lazy\" decoding=\"async\" width=\"768\" height=\"512\" src=\"https:\/\/siad.cl\/cl\/wp-content\/uploads\/2024\/02\/concepcion-768x512.jpg\" class=\"attachment-medium_large size-medium_large wp-image-586\" alt=\"\" srcset=\"https:\/\/siad.cl\/cl\/wp-content\/uploads\/2024\/02\/concepcion-768x512.jpg 768w, https:\/\/siad.cl\/cl\/wp-content\/uploads\/2024\/02\/concepcion-600x400.jpg 600w, https:\/\/siad.cl\/cl\/wp-content\/uploads\/2024\/02\/concepcion-300x200.jpg 300w, https:\/\/siad.cl\/cl\/wp-content\/uploads\/2024\/02\/concepcion-1024x682.jpg 1024w, https:\/\/siad.cl\/cl\/wp-content\/uploads\/2024\/02\/concepcion.jpg 1400w\" sizes=\"(max-width: 768px) 100vw, 768px\" \/>\t\t\t\t\t\t\t\t\t\t\t\t\t\t\t<\/div>\n\t\t\t\t<\/div>\n\t\t\t\t<div class=\"elementor-element elementor-element-7bab6e60 elementor-tabs-view-horizontal elementor-widget elementor-widget-tabs\" data-id=\"7bab6e60\" data-element_type=\"widget\" data-e-type=\"widget\" data-widget_type=\"tabs.default\">\n\t\t\t\t<div class=\"elementor-widget-container\">\n\t\t\t\t\t\t\t<div class=\"elementor-tabs\">\n\t\t\t<div class=\"elementor-tabs-wrapper\" role=\"tablist\" >\n\t\t\t\t\t\t\t\t\t<div id=\"elementor-tab-title-2071\" class=\"elementor-tab-title elementor-tab-desktop-title\" aria-selected=\"true\" data-tab=\"1\" role=\"tab\" tabindex=\"0\" aria-controls=\"elementor-tab-content-2071\" aria-expanded=\"false\">Presentaci\u00f3n<\/div>\n\t\t\t\t\t\t\t\t\t<div id=\"elementor-tab-title-2072\" class=\"elementor-tab-title elementor-tab-desktop-title\" aria-selected=\"false\" data-tab=\"2\" role=\"tab\" tabindex=\"-1\" aria-controls=\"elementor-tab-content-2072\" aria-expanded=\"false\">Charlas<\/div>\n\t\t\t\t\t\t\t<\/div>\n\t\t\t<div class=\"elementor-tabs-content-wrapper\" role=\"tablist\" aria-orientation=\"vertical\">\n\t\t\t\t\t\t\t\t\t<div class=\"elementor-tab-title elementor-tab-mobile-title\" aria-selected=\"true\" data-tab=\"1\" role=\"tab\" tabindex=\"0\" aria-controls=\"elementor-tab-content-2071\" aria-expanded=\"false\">Presentaci\u00f3n<\/div>\n\t\t\t\t\t<div id=\"elementor-tab-content-2071\" class=\"elementor-tab-content elementor-clearfix\" data-tab=\"1\" role=\"tabpanel\" aria-labelledby=\"elementor-tab-title-2071\" tabindex=\"0\" hidden=\"false\"><p>Hace\u00a012 a\u00f1os SIAD, Sal\u00f3n de Orientaci\u00f3n de Alternativas Acad\u00e9micas, la feria de orientaci\u00f3n vocacional m\u00e1s importante del pa\u00eds lleg\u00f3 por primera vez y para quedarse a la\u00a0<b>regi\u00f3n del Bio Bio.<\/b>\u00a0Esta regi\u00f3n concentra 12% de los inscritos para rendir la ex-PSU a nivel nacional y 12% de los que rinden la prueba, son alumnos de la promoci\u00f3n del a\u00f1o, es decir 4to medio.\u00a0<\/p><p>Estas cifras ubican a la VIII regi\u00f3n en el segundo lugar a nivel nacional en alumnos matriculados a la Educaci\u00f3n Superior, despu\u00e9s de Regi\u00f3n Metropolitana.<\/p><p>Entre las 3 regiones, Metropolitana, V regi\u00f3n y VIII regi\u00f3n, abarcan el 71% de la matricula toral de Educaci\u00f3n Superior (cifra a\u00f1o 2016).<\/p><p>30% de los alumnos que ingresan por primera vez a la Educaci\u00f3n Superior abandona sus estudios por motivos de desorientaci\u00f3n vocacional. Cifra que no ha disminuido con la gratuidad. 20% de los alumnos que obtuvieron este beneficio tambi\u00e9n abandonaron los estudios en primer a\u00f1o por el mismo motivo:\u00a0<em>haber equivocado la decisi\u00f3n.<\/em><\/p><p><b>SIAD Concepci\u00f3n<\/b>, es la oportunidad para profesores, orientadores, padres y estudiantes de la regi\u00f3n para informarse de las alternativas acad\u00e9micas existentes, descubrir nuevas carreras, conocer la empleabilidad y renta, conversar directamente con los representantes de las instituciones expositoras as\u00ed como con los representantes del Ministerio de Educaci\u00f3n y organizaciones relacionadas. 1<\/p><\/div>\n\t\t\t\t\t\t\t\t\t<div class=\"elementor-tab-title elementor-tab-mobile-title\" aria-selected=\"false\" data-tab=\"2\" role=\"tab\" tabindex=\"-1\" aria-controls=\"elementor-tab-content-2072\" aria-expanded=\"false\">Charlas<\/div>\n\t\t\t\t\t<div id=\"elementor-tab-content-2072\" class=\"elementor-tab-content elementor-clearfix\" data-tab=\"2\" role=\"tabpanel\" aria-labelledby=\"elementor-tab-title-2072\" tabindex=\"0\" hidden=\"hidden\"><\/div>\n\t\t\t\t\t\t\t<\/div>\n\t\t<\/div>\n\t\t\t\t\t\t<\/div>\n\t\t\t\t<\/div>\n\t\t\t\t\t<\/div>\n\t\t<\/div>\n\t\t\t\t\t<\/div>\n\t\t<\/section>\n\t\t\t\t<\/div>\n\t\t","protected":false},"excerpt":{"rendered":"<p>Concepci\u00f3n Universidades Institutos Centros de Formaci\u00f3n T\u00e9cnica Escuelas Orientaci\u00f3n Vocacional Santiago Machal\u00ed Valpara\u00edso Centro de Eventos SurActivo Autopista Concepci\u00f3n-Talcahuano 8590, Hualp\u00e9n Regi\u00f3n del B\u00edo B\u00edo Mi\u00e9rcoles 2 de septiembre: 10:00 [&hellip;]<\/p>\n","protected":false},"author":1,"featured_media":0,"parent":0,"menu_order":0,"comment_status":"closed","ping_status":"closed","template":"elementor_header_footer","meta":{"_EventAllDay":false,"_EventTimezone":"","_EventStartDate":"","_EventEndDate":"","_EventStartDateUTC":"","_EventEndDateUTC":"","_EventShowMap":false,"_EventShowMapLink":false,"_EventURL":"","_EventCost":"","_EventCostDescription":"","_EventCurrencySymbol":"","_EventCurrencyCode":"","_EventCurrencyPosition":"","_EventDateTimeSeparator":"","_EventTimeRangeSeparator":"","_EventOrganizerID":[],"_EventVenueID":[],"_OrganizerEmail":"","_OrganizerPhone":"","_OrganizerWebsite":"","_VenueAddress":"","_VenueCity":"","_VenueCountry":"","_VenueProvince":"","_VenueState":"","_VenueZip":"","_VenuePhone":"","_VenueURL":"","_VenueStateProvince":"","_VenueLat":"","_VenueLng":"","_VenueShowMap":false,"_VenueShowMapLink":false,"footnotes":""},"class_list":["post-191","page","type-page","status-publish","hentry"],"_links":{"self":[{"href":"https:\/\/siad.cl\/cl\/wp-json\/wp\/v2\/pages\/191","targetHints":{"allow":["GET"]}}],"collection":[{"href":"https:\/\/siad.cl\/cl\/wp-json\/wp\/v2\/pages"}],"about":[{"href":"https:\/\/siad.cl\/cl\/wp-json\/wp\/v2\/types\/page"}],"author":[{"embeddable":true,"href":"https:\/\/siad.cl\/cl\/wp-json\/wp\/v2\/users\/1"}],"replies":[{"embeddable":true,"href":"https:\/\/siad.cl\/cl\/wp-json\/wp\/v2\/comments?post=191"}],"version-history":[{"count":58,"href":"https:\/\/siad.cl\/cl\/wp-json\/wp\/v2\/pages\/191\/revisions"}],"predecessor-version":[{"id":3230,"href":"https:\/\/siad.cl\/cl\/wp-json\/wp\/v2\/pages\/191\/revisions\/3230"}],"wp:attachment":[{"href":"https:\/\/siad.cl\/cl\/wp-json\/wp\/v2\/media?parent=191"}],"curies":[{"name":"wp","href":"https:\/\/api.w.org\/{rel}","templated":true}]}}