{"id":1839,"date":"2024-08-20T00:29:18","date_gmt":"2024-08-20T03:29:18","guid":{"rendered":"https:\/\/siad.cl\/cl\/?page_id=1839"},"modified":"2024-08-21T21:34:25","modified_gmt":"2024-08-22T00:34:25","slug":"instituto-profesional-escuela-moderna-de-musica-y-danza","status":"publish","type":"page","link":"https:\/\/siad.cl\/cl\/instituto-profesional-escuela-moderna-de-musica-y-danza\/","title":{"rendered":"Instituto Profesional Escuela Moderna de M\u00fasica y Danza"},"content":{"rendered":"\t\t<div data-elementor-type=\"wp-page\" data-elementor-id=\"1839\" class=\"elementor elementor-1839\">\n\t\t\t\t\t\t<section class=\"elementor-section elementor-top-section elementor-element elementor-element-340d0e77 elementor-section-height-min-height elementor-section-content-middle elementor-section-boxed elementor-section-height-default elementor-section-items-middle\" data-id=\"340d0e77\" data-element_type=\"section\" data-e-type=\"section\" data-settings=\"{&quot;background_background&quot;:&quot;classic&quot;}\">\n\t\t\t\t\t\t\t<div class=\"elementor-background-overlay\"><\/div>\n\t\t\t\t\t\t\t<div class=\"elementor-container elementor-column-gap-no\">\n\t\t\t\t\t<div class=\"elementor-column elementor-col-100 elementor-top-column elementor-element elementor-element-75488639\" data-id=\"75488639\" data-element_type=\"column\" data-e-type=\"column\" data-settings=\"{&quot;background_background&quot;:&quot;classic&quot;}\">\n\t\t\t<div class=\"elementor-widget-wrap elementor-element-populated\">\n\t\t\t\t\t\t<div class=\"elementor-element elementor-element-7225e4c5 elementor-widget elementor-widget-heading\" data-id=\"7225e4c5\" data-element_type=\"widget\" data-e-type=\"widget\" data-widget_type=\"heading.default\">\n\t\t\t\t<div class=\"elementor-widget-container\">\n\t\t\t\t\t<h2 class=\"elementor-heading-title elementor-size-default\">INSTITUTO PROFESIONAL ESCUELA MODERNA  DE M\u00daSICA Y DANZA<\/h2>\t\t\t\t<\/div>\n\t\t\t\t<\/div>\n\t\t\t\t\t<\/div>\n\t\t<\/div>\n\t\t\t\t\t<\/div>\n\t\t<\/section>\n\t\t\t\t<section class=\"elementor-section elementor-top-section elementor-element elementor-element-2870aaf9 elementor-section-boxed elementor-section-height-default elementor-section-height-default\" data-id=\"2870aaf9\" data-element_type=\"section\" data-e-type=\"section\">\n\t\t\t\t\t\t\t<div class=\"elementor-background-overlay\"><\/div>\n\t\t\t\t\t\t\t<div class=\"elementor-container elementor-column-gap-no\">\n\t\t\t\t\t<div class=\"elementor-column elementor-col-50 elementor-top-column elementor-element elementor-element-628b3d23\" data-id=\"628b3d23\" data-element_type=\"column\" data-e-type=\"column\">\n\t\t\t<div class=\"elementor-widget-wrap elementor-element-populated\">\n\t\t\t\t\t\t<div class=\"elementor-element elementor-element-d6849ac elementor-widget elementor-widget-image\" data-id=\"d6849ac\" data-element_type=\"widget\" data-e-type=\"widget\" data-widget_type=\"image.default\">\n\t\t\t\t<div class=\"elementor-widget-container\">\n\t\t\t\t\t\t\t\t\t\t\t\t\t\t\t<img fetchpriority=\"high\" decoding=\"async\" width=\"2560\" height=\"1707\" src=\"https:\/\/siad.cl\/cl\/wp-content\/uploads\/2024\/08\/Imagen-EMMusica-scaled.jpg\" class=\"attachment-full size-full wp-image-1841\" alt=\"\" srcset=\"https:\/\/siad.cl\/cl\/wp-content\/uploads\/2024\/08\/Imagen-EMMusica-scaled.jpg 2560w, https:\/\/siad.cl\/cl\/wp-content\/uploads\/2024\/08\/Imagen-EMMusica-300x200.jpg 300w, https:\/\/siad.cl\/cl\/wp-content\/uploads\/2024\/08\/Imagen-EMMusica-1024x683.jpg 1024w, https:\/\/siad.cl\/cl\/wp-content\/uploads\/2024\/08\/Imagen-EMMusica-768x512.jpg 768w, https:\/\/siad.cl\/cl\/wp-content\/uploads\/2024\/08\/Imagen-EMMusica-1536x1024.jpg 1536w, https:\/\/siad.cl\/cl\/wp-content\/uploads\/2024\/08\/Imagen-EMMusica-2048x1365.jpg 2048w, https:\/\/siad.cl\/cl\/wp-content\/uploads\/2024\/08\/Imagen-EMMusica-600x400.jpg 600w\" sizes=\"(max-width: 2560px) 100vw, 2560px\" \/>\t\t\t\t\t\t\t\t\t\t\t\t\t\t\t<\/div>\n\t\t\t\t<\/div>\n\t\t\t\t<div class=\"elementor-element elementor-element-283b3535 elementor-widget elementor-widget-icon-box\" data-id=\"283b3535\" data-element_type=\"widget\" data-e-type=\"widget\" data-widget_type=\"icon-box.default\">\n\t\t\t\t<div class=\"elementor-widget-container\">\n\t\t\t\t\t\t\t<div class=\"elementor-icon-box-wrapper\">\n\n\t\t\t\n\t\t\t\t\t\t<div class=\"elementor-icon-box-content\">\n\n\t\t\t\t\t\t\t\t\t<h5 class=\"elementor-icon-box-title\">\n\t\t\t\t\t\t<a href=\"http:\/\/www.emoderna.cl\" target=\"_blank\" >\n\t\t\t\t\t\t\twww.emoderna.cl\t\t\t\t\t\t<\/a>\n\t\t\t\t\t<\/h5>\n\t\t\t\t\n\t\t\t\t\n\t\t\t<\/div>\n\t\t\t\n\t\t<\/div>\n\t\t\t\t\t\t<\/div>\n\t\t\t\t<\/div>\n\t\t\t\t\t<\/div>\n\t\t<\/div>\n\t\t\t\t<div class=\"elementor-column elementor-col-50 elementor-top-column elementor-element elementor-element-37232e4c\" data-id=\"37232e4c\" data-element_type=\"column\" data-e-type=\"column\">\n\t\t\t<div class=\"elementor-widget-wrap elementor-element-populated\">\n\t\t\t\t\t\t<section class=\"elementor-section elementor-inner-section elementor-element elementor-element-1c50e4ab elementor-section-boxed elementor-section-height-default elementor-section-height-default\" data-id=\"1c50e4ab\" data-element_type=\"section\" data-e-type=\"section\">\n\t\t\t\t\t\t<div class=\"elementor-container elementor-column-gap-no\">\n\t\t\t\t\t<div class=\"elementor-column elementor-col-100 elementor-inner-column elementor-element elementor-element-60808048\" data-id=\"60808048\" data-element_type=\"column\" data-e-type=\"column\" data-settings=\"{&quot;background_background&quot;:&quot;classic&quot;}\">\n\t\t\t<div class=\"elementor-widget-wrap elementor-element-populated\">\n\t\t\t\t\t<div class=\"elementor-background-overlay\"><\/div>\n\t\t\t\t\t\t<div class=\"elementor-element elementor-element-68233e33 elementor-widget-divider--separator-type-pattern elementor-widget-divider--view-line elementor-widget elementor-widget-divider\" data-id=\"68233e33\" data-element_type=\"widget\" data-e-type=\"widget\" data-widget_type=\"divider.default\">\n\t\t\t\t<div class=\"elementor-widget-container\">\n\t\t\t\t\t\t\t<div class=\"elementor-divider\" style=\"--divider-pattern-url: url(&quot;data:image\/svg+xml,%3Csvg xmlns=&#039;http:\/\/www.w3.org\/2000\/svg&#039; preserveAspectRatio=&#039;none&#039; overflow=&#039;visible&#039; height=&#039;100%&#039; viewBox=&#039;0 0 24 24&#039; fill=&#039;none&#039; stroke=&#039;black&#039; stroke-width=&#039;4&#039; stroke-linecap=&#039;square&#039; stroke-miterlimit=&#039;10&#039;%3E%3Cpolyline points=&#039;0,18 12,6 24,18 &#039;\/%3E%3C\/svg%3E&quot;);\">\n\t\t\t<span class=\"elementor-divider-separator\">\n\t\t\t\t\t\t<\/span>\n\t\t<\/div>\n\t\t\t\t\t\t<\/div>\n\t\t\t\t<\/div>\n\t\t\t\t<div class=\"elementor-element elementor-element-83149e elementor-widget elementor-widget-heading\" data-id=\"83149e\" data-element_type=\"widget\" data-e-type=\"widget\" data-widget_type=\"heading.default\">\n\t\t\t\t<div class=\"elementor-widget-container\">\n\t\t\t\t\t<h3 class=\"elementor-heading-title elementor-size-default\">Instituto Profesional Escuela Moderna de M\u00fasica y Danza\n<\/h3>\t\t\t\t<\/div>\n\t\t\t\t<\/div>\n\t\t\t\t<div class=\"elementor-element elementor-element-449e3a38 elementor-widget elementor-widget-heading\" data-id=\"449e3a38\" data-element_type=\"widget\" data-e-type=\"widget\" data-widget_type=\"heading.default\">\n\t\t\t\t<div class=\"elementor-widget-container\">\n\t\t\t\t\t<h6 class=\"elementor-heading-title elementor-size-default\">Luis Pasteur 5303, Vitacura<\/h6>\t\t\t\t<\/div>\n\t\t\t\t<\/div>\n\t\t\t\t<div class=\"elementor-element elementor-element-6abc7f24 e-grid-align-left e-grid-align-mobile-left e-grid-align-tablet-left elementor-shape-rounded elementor-grid-0 elementor-widget elementor-widget-social-icons\" data-id=\"6abc7f24\" data-element_type=\"widget\" data-e-type=\"widget\" data-widget_type=\"social-icons.default\">\n\t\t\t\t<div class=\"elementor-widget-container\">\n\t\t\t\t\t\t\t<div class=\"elementor-social-icons-wrapper elementor-grid\" role=\"list\">\n\t\t\t\t\t\t\t<span class=\"elementor-grid-item\" role=\"listitem\">\n\t\t\t\t\t<a class=\"elementor-icon elementor-social-icon elementor-social-icon-facebook-f elementor-repeater-item-320e991\" href=\"https:\/\/www.facebook.com\/escuelamoderna.cl\/\" target=\"_blank\">\n\t\t\t\t\t\t<span class=\"elementor-screen-only\">Facebook-f<\/span>\n\t\t\t\t\t\t<i aria-hidden=\"true\" class=\"fab fa-facebook-f\"><\/i>\t\t\t\t\t<\/a>\n\t\t\t\t<\/span>\n\t\t\t\t\t\t\t<span class=\"elementor-grid-item\" role=\"listitem\">\n\t\t\t\t\t<a class=\"elementor-icon elementor-social-icon elementor-social-icon-linkedin elementor-repeater-item-1491259\" href=\"https:\/\/www.linkedin.com\/company\/escuelamoderna\/\" target=\"_blank\">\n\t\t\t\t\t\t<span class=\"elementor-screen-only\">Linkedin<\/span>\n\t\t\t\t\t\t<i aria-hidden=\"true\" class=\"fab fa-linkedin\"><\/i>\t\t\t\t\t<\/a>\n\t\t\t\t<\/span>\n\t\t\t\t\t\t\t<span class=\"elementor-grid-item\" role=\"listitem\">\n\t\t\t\t\t<a class=\"elementor-icon elementor-social-icon elementor-social-icon-instagram elementor-repeater-item-5cb7115\" href=\"https:\/\/www.instagram.com\/escuelamoderna\/\" target=\"_blank\">\n\t\t\t\t\t\t<span class=\"elementor-screen-only\">Instagram<\/span>\n\t\t\t\t\t\t<i aria-hidden=\"true\" class=\"fab fa-instagram\"><\/i>\t\t\t\t\t<\/a>\n\t\t\t\t<\/span>\n\t\t\t\t\t\t\t<span class=\"elementor-grid-item\" role=\"listitem\">\n\t\t\t\t\t<a class=\"elementor-icon elementor-social-icon elementor-social-icon-tiktok elementor-repeater-item-192b793\" href=\"https:\/\/www.tiktok.com\/@emoderna\" target=\"_blank\">\n\t\t\t\t\t\t<span class=\"elementor-screen-only\">Tiktok<\/span>\n\t\t\t\t\t\t<i aria-hidden=\"true\" class=\"fab fa-tiktok\"><\/i>\t\t\t\t\t<\/a>\n\t\t\t\t<\/span>\n\t\t\t\t\t<\/div>\n\t\t\t\t\t\t<\/div>\n\t\t\t\t<\/div>\n\t\t\t\t\t<\/div>\n\t\t<\/div>\n\t\t\t\t\t<\/div>\n\t\t<\/section>\n\t\t\t\t<div class=\"elementor-element elementor-element-7558b1e9 elementor-widget elementor-widget-text-editor\" data-id=\"7558b1e9\" data-element_type=\"widget\" data-e-type=\"widget\" data-widget_type=\"text-editor.default\">\n\t\t\t\t<div class=\"elementor-widget-container\">\n\t\t\t\t\t\t\t\t\t<p>La Escuela fue fundada en 1940 y se constituye como Instituto Profesional en el a\u00f1o 1989 formalizando por primera vez en Chile el estudio de la M\u00fasica Popular. Su oferta formativa se centra en carreras del \u00e1rea de la M\u00fasica, la danza y la Producci\u00f3n Musical. Actualmente, cuenta con 5 a\u00f1os de acreditaci\u00f3n avanzada, hasta octubre de 2026 en las \u00e1reas de Docencia de Pregrado y Gesti\u00f3n Institucional.<\/p>\t\t\t\t\t\t\t\t<\/div>\n\t\t\t\t<\/div>\n\t\t\t\t<div class=\"elementor-element elementor-element-692748ea elementor-widget elementor-widget-heading\" data-id=\"692748ea\" data-element_type=\"widget\" data-e-type=\"widget\" data-widget_type=\"heading.default\">\n\t\t\t\t<div class=\"elementor-widget-container\">\n\t\t\t\t\t<h5 class=\"elementor-heading-title elementor-size-default\">Participaci\u00f3n en sedes SIAD:<\/h5>\t\t\t\t<\/div>\n\t\t\t\t<\/div>\n\t\t\t\t<div class=\"elementor-element elementor-element-7d116c3d elementor-widget elementor-widget-icon-box\" data-id=\"7d116c3d\" data-element_type=\"widget\" data-e-type=\"widget\" data-widget_type=\"icon-box.default\">\n\t\t\t\t<div class=\"elementor-widget-container\">\n\t\t\t\t\t\t\t<div class=\"elementor-icon-box-wrapper\">\n\n\t\t\t\n\t\t\t\t\t\t<div class=\"elementor-icon-box-content\">\n\n\t\t\t\t\t\t\t\t\t<h6 class=\"elementor-icon-box-title\">\n\t\t\t\t\t\t<span  >\n\t\t\t\t\t\t\tSantiago\t\t\t\t\t\t<\/span>\n\t\t\t\t\t<\/h6>\n\t\t\t\t\n\t\t\t\t\n\t\t\t<\/div>\n\t\t\t\n\t\t<\/div>\n\t\t\t\t\t\t<\/div>\n\t\t\t\t<\/div>\n\t\t\t\t\t<\/div>\n\t\t<\/div>\n\t\t\t\t\t<\/div>\n\t\t<\/section>\n\t\t\t\t<section class=\"elementor-section elementor-top-section elementor-element elementor-element-12ec8b22 elementor-section-boxed elementor-section-height-default elementor-section-height-default\" data-id=\"12ec8b22\" data-element_type=\"section\" data-e-type=\"section\">\n\t\t\t\t\t\t\t<div class=\"elementor-background-overlay\"><\/div>\n\t\t\t\t\t\t\t<div class=\"elementor-container elementor-column-gap-no\">\n\t\t\t\t\t<div class=\"elementor-column elementor-col-100 elementor-top-column elementor-element elementor-element-2a92513f\" data-id=\"2a92513f\" data-element_type=\"column\" data-e-type=\"column\">\n\t\t\t<div class=\"elementor-widget-wrap elementor-element-populated\">\n\t\t\t\t\t\t<div class=\"elementor-element elementor-element-332f34f elementor-widget elementor-widget-video\" data-id=\"332f34f\" data-element_type=\"widget\" data-e-type=\"widget\" data-settings=\"{&quot;youtube_url&quot;:&quot;https:\\\/\\\/youtu.be\\\/LUMDMLFylK4&quot;,&quot;video_type&quot;:&quot;youtube&quot;,&quot;controls&quot;:&quot;yes&quot;}\" data-widget_type=\"video.default\">\n\t\t\t\t<div class=\"elementor-widget-container\">\n\t\t\t\t\t\t\t<div class=\"elementor-wrapper elementor-open-inline\">\n\t\t\t<div class=\"elementor-video\"><\/div>\t\t<\/div>\n\t\t\t\t\t\t<\/div>\n\t\t\t\t<\/div>\n\t\t\t\t<div class=\"elementor-element elementor-element-6ca04e64 elementor-widget elementor-widget-heading\" data-id=\"6ca04e64\" data-element_type=\"widget\" data-e-type=\"widget\" data-widget_type=\"heading.default\">\n\t\t\t\t<div class=\"elementor-widget-container\">\n\t\t\t\t\t<h5 class=\"elementor-heading-title elementor-size-default\">Informaci\u00f3n adicional:<\/h5>\t\t\t\t<\/div>\n\t\t\t\t<\/div>\n\t\t\t\t<div class=\"elementor-element elementor-element-1c2b2e3a elementor-widget elementor-widget-text-editor\" data-id=\"1c2b2e3a\" data-element_type=\"widget\" data-e-type=\"widget\" data-widget_type=\"text-editor.default\">\n\t\t\t\t<div class=\"elementor-widget-container\">\n\t\t\t\t\t\t\t\t\t<p>Misi\u00f3n \u201cEl Instituto Profesional Escuela Moderna de M\u00fasica y Danza tiene como misi\u00f3n formar al m\u00e1s alto nivel a las nuevas generaciones de m\u00fasicos y bailarines chilenos, en un contexto actual y creativo, con respeto y conocimiento de nuestra cultura, transform\u00e1ndolos en protagonistas del desarrollo y proyecci\u00f3n de nuestro medio art\u00edstico futuro.\u201d<\/p><p>Principios<\/p><p>\u25aa Libertad y respeto hacia las diferencias est\u00e9ticas y estil\u00edsticas.<\/p><p>\u25aa Excelencia art\u00edstica como expresi\u00f3n de calidad en los procesos formativos.<\/p><p>\u25aa Conocimiento y respeto de la Identidad cultural<\/p><p>Valores<\/p><ol><li>Pasi\u00f3n: impulsa a los estudiantes a vivir su vocaci\u00f3n por la m\u00fasica, la danza y la producci\u00f3n musical, estimulando su creatividad, imaginaci\u00f3n y su inteligencia emocional, incluyendo la capacidad de reflexionar cr\u00edticamente sobre la libertad de acci\u00f3n y pensamiento en el aprendizaje pr\u00e1ctico sistem\u00e1tico.<\/li><li>Excelencia: promueve entre estudiantes, docentes y directivos a trav\u00e9s de la superaci\u00f3n permanente, mantener altos niveles de rendimiento, fijando metas desafiantes que estimulen la b\u00fasqueda constante de la excelencia art\u00edstica.<\/li><li>Respeto y pluralidad: estimula la diversidad en todos los \u00e1mbitos, a trav\u00e9s de los procesos acad\u00e9micos y art\u00edsticos, mediante un enfoque de conocimiento e integraci\u00f3n.<\/li><li>Igualdad: se considera la igualdad en su m\u00e1s abierta expresi\u00f3n desde el respeto a la diferencia, sin exclusi\u00f3n por g\u00e9nero, etnia, estrato socioecon\u00f3mico, orientaci\u00f3n sexual, capacidades u otro aspecto que pudiera particularizar a los estudiantes.<\/li><li>Colaboraci\u00f3n y trabajo en equipo: desarrolla el trabajo en equipo desde la ense\u00f1anza y la creaci\u00f3n art\u00edstica, donde los estudiantes son parte de colectivos que estimulan el trabajo colaborativo, creativo, la superaci\u00f3n y la confianza.<\/li><li>Compromiso social: la carrera establece v\u00ednculos con la comunidad, instituciones culturales y educacionales, produciendo un impacto social a trav\u00e9s de presentaciones art\u00edsticas solidarias que fomentan la integraci\u00f3n y aportan al mejoramiento de la calidad de vida de los espectadores.<\/li><\/ol><p>Sedes;<\/p><p>Vitacura: Luis Pasteur 5303, Vitacura<\/p><p>Vi\u00f1a del Mar: 1 Oriente 584, Vi\u00f1a del Mar<\/p><p>Bellavista (\u00c1rea de Danza): Chucre Manzur, Providencia<\/p>\t\t\t\t\t\t\t\t<\/div>\n\t\t\t\t<\/div>\n\t\t\t\t<div class=\"elementor-element elementor-element-7b6f112 elementor-align-center elementor-widget elementor-widget-button\" data-id=\"7b6f112\" data-element_type=\"widget\" data-e-type=\"widget\" data-widget_type=\"button.default\">\n\t\t\t\t<div class=\"elementor-widget-container\">\n\t\t\t\t\t\t\t\t\t<div class=\"elementor-button-wrapper\">\n\t\t\t\t\t<a class=\"elementor-button elementor-button-link elementor-size-md\" href=\"https:\/\/siad.cl\/cl\/catalogo-de-expositores\/\">\n\t\t\t\t\t\t<span class=\"elementor-button-content-wrapper\">\n\t\t\t\t\t\t\t\t\t<span class=\"elementor-button-text\">VOLVER AL CAT\u00c1LOGO DE EXPOSITORES<\/span>\n\t\t\t\t\t<\/span>\n\t\t\t\t\t<\/a>\n\t\t\t\t<\/div>\n\t\t\t\t\t\t\t\t<\/div>\n\t\t\t\t<\/div>\n\t\t\t\t\t<\/div>\n\t\t<\/div>\n\t\t\t\t\t<\/div>\n\t\t<\/section>\n\t\t\t\t<\/div>\n\t\t","protected":false},"excerpt":{"rendered":"<p>INSTITUTO PROFESIONAL ESCUELA MODERNA DE M\u00daSICA Y DANZA www.emoderna.cl Instituto Profesional Escuela Moderna de M\u00fasica y Danza Luis Pasteur 5303, Vitacura Facebook-f Linkedin Instagram Tiktok La Escuela fue fundada en [&hellip;]<\/p>\n","protected":false},"author":2,"featured_media":0,"parent":0,"menu_order":0,"comment_status":"closed","ping_status":"closed","template":"elementor_header_footer","meta":{"_EventAllDay":false,"_EventTimezone":"","_EventStartDate":"","_EventEndDate":"","_EventStartDateUTC":"","_EventEndDateUTC":"","_EventShowMap":false,"_EventShowMapLink":false,"_EventURL":"","_EventCost":"","_EventCostDescription":"","_EventCurrencySymbol":"","_EventCurrencyCode":"","_EventCurrencyPosition":"","_EventDateTimeSeparator":"","_EventTimeRangeSeparator":"","_EventOrganizerID":[],"_EventVenueID":[],"_OrganizerEmail":"","_OrganizerPhone":"","_OrganizerWebsite":"","_VenueAddress":"","_VenueCity":"","_VenueCountry":"","_VenueProvince":"","_VenueState":"","_VenueZip":"","_VenuePhone":"","_VenueURL":"","_VenueStateProvince":"","_VenueLat":"","_VenueLng":"","_VenueShowMap":false,"_VenueShowMapLink":false,"footnotes":""},"class_list":["post-1839","page","type-page","status-publish","hentry"],"_links":{"self":[{"href":"https:\/\/siad.cl\/cl\/wp-json\/wp\/v2\/pages\/1839","targetHints":{"allow":["GET"]}}],"collection":[{"href":"https:\/\/siad.cl\/cl\/wp-json\/wp\/v2\/pages"}],"about":[{"href":"https:\/\/siad.cl\/cl\/wp-json\/wp\/v2\/types\/page"}],"author":[{"embeddable":true,"href":"https:\/\/siad.cl\/cl\/wp-json\/wp\/v2\/users\/2"}],"replies":[{"embeddable":true,"href":"https:\/\/siad.cl\/cl\/wp-json\/wp\/v2\/comments?post=1839"}],"version-history":[{"count":16,"href":"https:\/\/siad.cl\/cl\/wp-json\/wp\/v2\/pages\/1839\/revisions"}],"predecessor-version":[{"id":1912,"href":"https:\/\/siad.cl\/cl\/wp-json\/wp\/v2\/pages\/1839\/revisions\/1912"}],"wp:attachment":[{"href":"https:\/\/siad.cl\/cl\/wp-json\/wp\/v2\/media?parent=1839"}],"curies":[{"name":"wp","href":"https:\/\/api.w.org\/{rel}","templated":true}]}}