{"id":139,"date":"2024-02-23T17:26:46","date_gmt":"2024-02-23T20:26:46","guid":{"rendered":"https:\/\/siad.cl\/cl\/?page_id=139"},"modified":"2025-12-01T04:38:06","modified_gmt":"2025-12-01T07:38:06","slug":"santiago","status":"publish","type":"page","link":"https:\/\/siad.cl\/cl\/santiago\/","title":{"rendered":"Santiago"},"content":{"rendered":"\t\t<div data-elementor-type=\"wp-page\" data-elementor-id=\"139\" class=\"elementor elementor-139\">\n\t\t\t\t\t\t<section class=\"elementor-section elementor-top-section elementor-element elementor-element-73e44412 elementor-section-height-min-height elementor-section-content-middle elementor-section-boxed elementor-section-height-default elementor-section-items-middle\" data-id=\"73e44412\" data-element_type=\"section\" data-e-type=\"section\" data-settings=\"{&quot;background_background&quot;:&quot;classic&quot;}\">\n\t\t\t\t\t\t\t<div class=\"elementor-background-overlay\"><\/div>\n\t\t\t\t\t\t\t<div class=\"elementor-container elementor-column-gap-no\">\n\t\t\t\t\t<div class=\"elementor-column elementor-col-100 elementor-top-column elementor-element elementor-element-43419da3\" data-id=\"43419da3\" data-element_type=\"column\" data-e-type=\"column\" data-settings=\"{&quot;background_background&quot;:&quot;classic&quot;}\">\n\t\t\t<div class=\"elementor-widget-wrap elementor-element-populated\">\n\t\t\t\t\t\t<div class=\"elementor-element elementor-element-7a8895c1 elementor-widget elementor-widget-heading\" data-id=\"7a8895c1\" data-element_type=\"widget\" data-e-type=\"widget\" data-widget_type=\"heading.default\">\n\t\t\t\t<div class=\"elementor-widget-container\">\n\t\t\t\t\t<h1 class=\"elementor-heading-title elementor-size-default\">Santiago<\/h1>\t\t\t\t<\/div>\n\t\t\t\t<\/div>\n\t\t\t\t\t<\/div>\n\t\t<\/div>\n\t\t\t\t\t<\/div>\n\t\t<\/section>\n\t\t\t\t<section class=\"elementor-section elementor-top-section elementor-element elementor-element-78cbb4c9 elementor-reverse-tablet elementor-reverse-mobile elementor-section-boxed elementor-section-height-default elementor-section-height-default\" data-id=\"78cbb4c9\" data-element_type=\"section\" data-e-type=\"section\">\n\t\t\t\t\t\t\t<div class=\"elementor-background-overlay\"><\/div>\n\t\t\t\t\t\t\t<div class=\"elementor-container elementor-column-gap-no\">\n\t\t\t\t\t<div class=\"elementor-column elementor-col-50 elementor-top-column elementor-element elementor-element-3f777af1\" data-id=\"3f777af1\" data-element_type=\"column\" data-e-type=\"column\">\n\t\t\t<div class=\"elementor-widget-wrap elementor-element-populated\">\n\t\t\t\t\t\t<div class=\"elementor-element elementor-element-42fa15d4 elementor-widget elementor-widget-video\" data-id=\"42fa15d4\" data-element_type=\"widget\" data-e-type=\"widget\" data-settings=\"{&quot;youtube_url&quot;:&quot;https:\\\/\\\/www.youtube.com\\\/watch?v=783NmkhL09k&quot;,&quot;video_type&quot;:&quot;youtube&quot;,&quot;controls&quot;:&quot;yes&quot;}\" data-widget_type=\"video.default\">\n\t\t\t\t<div class=\"elementor-widget-container\">\n\t\t\t\t\t\t\t<div class=\"elementor-wrapper elementor-open-inline\">\n\t\t\t<div class=\"elementor-video\"><\/div>\t\t<\/div>\n\t\t\t\t\t\t<\/div>\n\t\t\t\t<\/div>\n\t\t\t\t<section class=\"elementor-section elementor-inner-section elementor-element elementor-element-70e9e6ce elementor-section-boxed elementor-section-height-default elementor-section-height-default\" data-id=\"70e9e6ce\" data-element_type=\"section\" data-e-type=\"section\">\n\t\t\t\t\t\t<div class=\"elementor-container elementor-column-gap-default\">\n\t\t\t\t\t<div class=\"elementor-column elementor-col-100 elementor-inner-column elementor-element elementor-element-97da8b6\" data-id=\"97da8b6\" data-element_type=\"column\" data-e-type=\"column\" data-settings=\"{&quot;background_background&quot;:&quot;classic&quot;}\">\n\t\t\t<div class=\"elementor-widget-wrap elementor-element-populated\">\n\t\t\t\t\t\t<div class=\"elementor-element elementor-element-51a321c9 elementor-icon-list--layout-traditional elementor-list-item-link-full_width elementor-widget elementor-widget-icon-list\" data-id=\"51a321c9\" data-element_type=\"widget\" data-e-type=\"widget\" data-widget_type=\"icon-list.default\">\n\t\t\t\t<div class=\"elementor-widget-container\">\n\t\t\t\t\t\t\t<ul class=\"elementor-icon-list-items\">\n\t\t\t\t\t\t\t<li class=\"elementor-icon-list-item\">\n\t\t\t\t\t\t\t\t\t\t\t<span class=\"elementor-icon-list-icon\">\n\t\t\t\t\t\t\t<i aria-hidden=\"true\" class=\"fas fa-university\"><\/i>\t\t\t\t\t\t<\/span>\n\t\t\t\t\t\t\t\t\t\t<span class=\"elementor-icon-list-text\">Universidades<\/span>\n\t\t\t\t\t\t\t\t\t<\/li>\n\t\t\t\t\t\t\t\t<li class=\"elementor-icon-list-item\">\n\t\t\t\t\t\t\t\t\t\t\t<span class=\"elementor-icon-list-icon\">\n\t\t\t\t\t\t\t<i aria-hidden=\"true\" class=\"fas fa-school\"><\/i>\t\t\t\t\t\t<\/span>\n\t\t\t\t\t\t\t\t\t\t<span class=\"elementor-icon-list-text\">Institutos<\/span>\n\t\t\t\t\t\t\t\t\t<\/li>\n\t\t\t\t\t\t\t\t<li class=\"elementor-icon-list-item\">\n\t\t\t\t\t\t\t\t\t\t\t<span class=\"elementor-icon-list-icon\">\n\t\t\t\t\t\t\t<i aria-hidden=\"true\" class=\"icon icon-open-book\"><\/i>\t\t\t\t\t\t<\/span>\n\t\t\t\t\t\t\t\t\t\t<span class=\"elementor-icon-list-text\">Centros de Formaci\u00f3n T\u00e9cnica<\/span>\n\t\t\t\t\t\t\t\t\t<\/li>\n\t\t\t\t\t\t\t\t<li class=\"elementor-icon-list-item\">\n\t\t\t\t\t\t\t\t\t\t\t<span class=\"elementor-icon-list-icon\">\n\t\t\t\t\t\t\t<i aria-hidden=\"true\" class=\"fas fa-users\"><\/i>\t\t\t\t\t\t<\/span>\n\t\t\t\t\t\t\t\t\t\t<span class=\"elementor-icon-list-text\">Escuelas<\/span>\n\t\t\t\t\t\t\t\t\t<\/li>\n\t\t\t\t\t\t\t\t<li class=\"elementor-icon-list-item\">\n\t\t\t\t\t\t\t\t\t\t\t<span class=\"elementor-icon-list-icon\">\n\t\t\t\t\t\t\t<i aria-hidden=\"true\" class=\"fas fa-people-arrows\"><\/i>\t\t\t\t\t\t<\/span>\n\t\t\t\t\t\t\t\t\t\t<span class=\"elementor-icon-list-text\">Orientaci\u00f3n Vocacional<\/span>\n\t\t\t\t\t\t\t\t\t<\/li>\n\t\t\t\t\t\t<\/ul>\n\t\t\t\t\t\t<\/div>\n\t\t\t\t<\/div>\n\t\t\t\t\t<\/div>\n\t\t<\/div>\n\t\t\t\t\t<\/div>\n\t\t<\/section>\n\t\t\t\t<section class=\"elementor-section elementor-inner-section elementor-element elementor-element-66d63b94 elementor-section-boxed elementor-section-height-default elementor-section-height-default\" data-id=\"66d63b94\" data-element_type=\"section\" data-e-type=\"section\">\n\t\t\t\t\t\t<div class=\"elementor-container elementor-column-gap-no\">\n\t\t\t\t\t<div class=\"elementor-column elementor-col-100 elementor-inner-column elementor-element elementor-element-72e40dd8\" data-id=\"72e40dd8\" data-element_type=\"column\" data-e-type=\"column\" data-settings=\"{&quot;background_background&quot;:&quot;classic&quot;}\">\n\t\t\t<div class=\"elementor-widget-wrap elementor-element-populated\">\n\t\t\t\t\t\t<div class=\"elementor-element elementor-element-48bd5110 elementor-position-left elementor-vertical-align-middle elementor-widget elementor-widget-image-box\" data-id=\"48bd5110\" data-element_type=\"widget\" data-e-type=\"widget\" data-widget_type=\"image-box.default\">\n\t\t\t\t<div class=\"elementor-widget-container\">\n\t\t\t\t\t<div class=\"elementor-image-box-wrapper\"><figure class=\"elementor-image-box-img\"><a href=\"https:\/\/siad.cl\/cl\/machali\/\" tabindex=\"-1\"><img fetchpriority=\"high\" decoding=\"async\" width=\"1400\" height=\"933\" src=\"https:\/\/siad.cl\/cl\/wp-content\/uploads\/2024\/02\/machali.jpg\" class=\"attachment-full size-full wp-image-585\" alt=\"\" srcset=\"https:\/\/siad.cl\/cl\/wp-content\/uploads\/2024\/02\/machali.jpg 1400w, https:\/\/siad.cl\/cl\/wp-content\/uploads\/2024\/02\/machali-600x400.jpg 600w, https:\/\/siad.cl\/cl\/wp-content\/uploads\/2024\/02\/machali-300x200.jpg 300w, https:\/\/siad.cl\/cl\/wp-content\/uploads\/2024\/02\/machali-1024x682.jpg 1024w, https:\/\/siad.cl\/cl\/wp-content\/uploads\/2024\/02\/machali-768x512.jpg 768w\" sizes=\"(max-width: 1400px) 100vw, 1400px\" \/><\/a><\/figure><div class=\"elementor-image-box-content\"><h6 class=\"elementor-image-box-title\"><a href=\"https:\/\/siad.cl\/cl\/machali\/\">Machal\u00ed<\/a><\/h6><\/div><\/div>\t\t\t\t<\/div>\n\t\t\t\t<\/div>\n\t\t\t\t<div class=\"elementor-element elementor-element-38b254eb elementor-position-left elementor-vertical-align-middle elementor-widget elementor-widget-image-box\" data-id=\"38b254eb\" data-element_type=\"widget\" data-e-type=\"widget\" data-widget_type=\"image-box.default\">\n\t\t\t\t<div class=\"elementor-widget-container\">\n\t\t\t\t\t<div class=\"elementor-image-box-wrapper\"><figure class=\"elementor-image-box-img\"><a href=\"https:\/\/siad.cl\/cl\/concepcion\/\" tabindex=\"-1\"><img decoding=\"async\" width=\"1400\" height=\"933\" src=\"https:\/\/siad.cl\/cl\/wp-content\/uploads\/2024\/02\/concepcion.jpg\" class=\"attachment-full size-full wp-image-586\" alt=\"\" srcset=\"https:\/\/siad.cl\/cl\/wp-content\/uploads\/2024\/02\/concepcion.jpg 1400w, https:\/\/siad.cl\/cl\/wp-content\/uploads\/2024\/02\/concepcion-600x400.jpg 600w, https:\/\/siad.cl\/cl\/wp-content\/uploads\/2024\/02\/concepcion-300x200.jpg 300w, https:\/\/siad.cl\/cl\/wp-content\/uploads\/2024\/02\/concepcion-1024x682.jpg 1024w, https:\/\/siad.cl\/cl\/wp-content\/uploads\/2024\/02\/concepcion-768x512.jpg 768w\" sizes=\"(max-width: 1400px) 100vw, 1400px\" \/><\/a><\/figure><div class=\"elementor-image-box-content\"><h6 class=\"elementor-image-box-title\"><a href=\"https:\/\/siad.cl\/cl\/concepcion\/\">Concepci\u00f3n<\/a><\/h6><\/div><\/div>\t\t\t\t<\/div>\n\t\t\t\t<\/div>\n\t\t\t\t<div class=\"elementor-element elementor-element-7988ef94 elementor-position-left elementor-vertical-align-middle elementor-widget elementor-widget-image-box\" data-id=\"7988ef94\" data-element_type=\"widget\" data-e-type=\"widget\" data-widget_type=\"image-box.default\">\n\t\t\t\t<div class=\"elementor-widget-container\">\n\t\t\t\t\t<div class=\"elementor-image-box-wrapper\"><figure class=\"elementor-image-box-img\"><a href=\"https:\/\/siad.cl\/cl\/valparaiso\/\" tabindex=\"-1\"><img decoding=\"async\" width=\"1400\" height=\"933\" src=\"https:\/\/siad.cl\/cl\/wp-content\/uploads\/2024\/02\/valparaiso.jpg\" class=\"attachment-full size-full wp-image-584\" alt=\"\" srcset=\"https:\/\/siad.cl\/cl\/wp-content\/uploads\/2024\/02\/valparaiso.jpg 1400w, https:\/\/siad.cl\/cl\/wp-content\/uploads\/2024\/02\/valparaiso-600x400.jpg 600w, https:\/\/siad.cl\/cl\/wp-content\/uploads\/2024\/02\/valparaiso-300x200.jpg 300w, https:\/\/siad.cl\/cl\/wp-content\/uploads\/2024\/02\/valparaiso-1024x682.jpg 1024w, https:\/\/siad.cl\/cl\/wp-content\/uploads\/2024\/02\/valparaiso-768x512.jpg 768w\" sizes=\"(max-width: 1400px) 100vw, 1400px\" \/><\/a><\/figure><div class=\"elementor-image-box-content\"><h6 class=\"elementor-image-box-title\"><a href=\"https:\/\/siad.cl\/cl\/valparaiso\/\">Valpara\u00edso<\/a><\/h6><\/div><\/div>\t\t\t\t<\/div>\n\t\t\t\t<\/div>\n\t\t\t\t\t<\/div>\n\t\t<\/div>\n\t\t\t\t\t<\/div>\n\t\t<\/section>\n\t\t\t\t\t<\/div>\n\t\t<\/div>\n\t\t\t\t<div class=\"elementor-column elementor-col-50 elementor-top-column elementor-element elementor-element-47a516d4\" data-id=\"47a516d4\" data-element_type=\"column\" data-e-type=\"column\">\n\t\t\t<div class=\"elementor-widget-wrap elementor-element-populated\">\n\t\t\t\t\t\t<section class=\"elementor-section elementor-inner-section elementor-element elementor-element-2562c66d elementor-section-boxed elementor-section-height-default elementor-section-height-default\" data-id=\"2562c66d\" data-element_type=\"section\" data-e-type=\"section\" data-settings=\"{&quot;background_background&quot;:&quot;classic&quot;}\">\n\t\t\t\t\t\t<div class=\"elementor-container elementor-column-gap-no\">\n\t\t\t\t\t<div class=\"elementor-column elementor-col-100 elementor-inner-column elementor-element elementor-element-7bf43174\" data-id=\"7bf43174\" data-element_type=\"column\" data-e-type=\"column\">\n\t\t\t<div class=\"elementor-widget-wrap elementor-element-populated\">\n\t\t\t\t\t\t<div class=\"elementor-element elementor-element-5510c33 elementor-widget elementor-widget-heading\" data-id=\"5510c33\" data-element_type=\"widget\" data-e-type=\"widget\" data-widget_type=\"heading.default\">\n\t\t\t\t<div class=\"elementor-widget-container\">\n\t\t\t\t\t<h4 class=\"elementor-heading-title elementor-size-default\">Centro Cultural Estaci\u00f3n Mapocho <\/h4>\t\t\t\t<\/div>\n\t\t\t\t<\/div>\n\t\t\t\t<div class=\"elementor-element elementor-element-1466ced elementor-widget elementor-widget-heading\" data-id=\"1466ced\" data-element_type=\"widget\" data-e-type=\"widget\" data-widget_type=\"heading.default\">\n\t\t\t\t<div class=\"elementor-widget-container\">\n\t\t\t\t\t<h6 class=\"elementor-heading-title elementor-size-default\">Plaza de la Cultura s\/n, Santiago Regi\u00f3n Metropolitana<\/h6>\t\t\t\t<\/div>\n\t\t\t\t<\/div>\n\t\t\t\t<div class=\"elementor-element elementor-element-95c039b elementor-icon-list--layout-traditional elementor-list-item-link-full_width elementor-widget elementor-widget-icon-list\" data-id=\"95c039b\" data-element_type=\"widget\" data-e-type=\"widget\" data-widget_type=\"icon-list.default\">\n\t\t\t\t<div class=\"elementor-widget-container\">\n\t\t\t\t\t\t\t<ul class=\"elementor-icon-list-items\">\n\t\t\t\t\t\t\t<li class=\"elementor-icon-list-item\">\n\t\t\t\t\t\t\t\t\t\t\t<span class=\"elementor-icon-list-icon\">\n\t\t\t\t\t\t\t<i aria-hidden=\"true\" class=\"far fa-calendar-alt\"><\/i>\t\t\t\t\t\t<\/span>\n\t\t\t\t\t\t\t\t\t\t<span class=\"elementor-icon-list-text\">Mi\u00e9rcoles 23 de septiembre: 09:00 a 18:00 hrs.<\/span>\n\t\t\t\t\t\t\t\t\t<\/li>\n\t\t\t\t\t\t\t\t<li class=\"elementor-icon-list-item\">\n\t\t\t\t\t\t\t\t\t\t\t<span class=\"elementor-icon-list-icon\">\n\t\t\t\t\t\t\t<i aria-hidden=\"true\" class=\"far fa-calendar-alt\"><\/i>\t\t\t\t\t\t<\/span>\n\t\t\t\t\t\t\t\t\t\t<span class=\"elementor-icon-list-text\">Jueves 24 de septiembre: 09:00 a 18:00 hrs.<\/span>\n\t\t\t\t\t\t\t\t\t<\/li>\n\t\t\t\t\t\t\t\t<li class=\"elementor-icon-list-item\">\n\t\t\t\t\t\t\t\t\t\t\t<span class=\"elementor-icon-list-icon\">\n\t\t\t\t\t\t\t<i aria-hidden=\"true\" class=\"far fa-calendar-alt\"><\/i>\t\t\t\t\t\t<\/span>\n\t\t\t\t\t\t\t\t\t\t<span class=\"elementor-icon-list-text\">Viernes 25 de septiembre: 09:00 a 17:00 hrs.<\/span>\n\t\t\t\t\t\t\t\t\t<\/li>\n\t\t\t\t\t\t<\/ul>\n\t\t\t\t\t\t<\/div>\n\t\t\t\t<\/div>\n\t\t\t\t\t<\/div>\n\t\t<\/div>\n\t\t\t\t\t<\/div>\n\t\t<\/section>\n\t\t\t\t<div class=\"elementor-element elementor-element-1f0acab0 elementor-widget elementor-widget-image\" data-id=\"1f0acab0\" data-element_type=\"widget\" data-e-type=\"widget\" data-widget_type=\"image.default\">\n\t\t\t\t<div class=\"elementor-widget-container\">\n\t\t\t\t\t\t\t\t\t\t\t\t\t\t\t<img loading=\"lazy\" decoding=\"async\" width=\"768\" height=\"512\" src=\"https:\/\/siad.cl\/cl\/wp-content\/uploads\/2024\/02\/Estudiantes-28-768x512.jpg\" class=\"attachment-medium_large size-medium_large wp-image-307\" alt=\"\" srcset=\"https:\/\/siad.cl\/cl\/wp-content\/uploads\/2024\/02\/Estudiantes-28-768x512.jpg 768w, https:\/\/siad.cl\/cl\/wp-content\/uploads\/2024\/02\/Estudiantes-28-600x400.jpg 600w, https:\/\/siad.cl\/cl\/wp-content\/uploads\/2024\/02\/Estudiantes-28-300x200.jpg 300w, https:\/\/siad.cl\/cl\/wp-content\/uploads\/2024\/02\/Estudiantes-28-1024x682.jpg 1024w, https:\/\/siad.cl\/cl\/wp-content\/uploads\/2024\/02\/Estudiantes-28.jpg 1400w\" sizes=\"(max-width: 768px) 100vw, 768px\" \/>\t\t\t\t\t\t\t\t\t\t\t\t\t\t\t<\/div>\n\t\t\t\t<\/div>\n\t\t\t\t<div class=\"elementor-element elementor-element-7bab6e60 elementor-tabs-view-horizontal elementor-widget elementor-widget-tabs\" data-id=\"7bab6e60\" data-element_type=\"widget\" data-e-type=\"widget\" data-widget_type=\"tabs.default\">\n\t\t\t\t<div class=\"elementor-widget-container\">\n\t\t\t\t\t\t\t<div class=\"elementor-tabs\">\n\t\t\t<div class=\"elementor-tabs-wrapper\" role=\"tablist\" >\n\t\t\t\t\t\t\t\t\t<div id=\"elementor-tab-title-2071\" class=\"elementor-tab-title elementor-tab-desktop-title\" aria-selected=\"true\" data-tab=\"1\" role=\"tab\" tabindex=\"0\" aria-controls=\"elementor-tab-content-2071\" aria-expanded=\"false\">Presentaci\u00f3n<\/div>\n\t\t\t\t\t\t\t<\/div>\n\t\t\t<div class=\"elementor-tabs-content-wrapper\" role=\"tablist\" aria-orientation=\"vertical\">\n\t\t\t\t\t\t\t\t\t<div class=\"elementor-tab-title elementor-tab-mobile-title\" aria-selected=\"true\" data-tab=\"1\" role=\"tab\" tabindex=\"0\" aria-controls=\"elementor-tab-content-2071\" aria-expanded=\"false\">Presentaci\u00f3n<\/div>\n\t\t\t\t\t<div id=\"elementor-tab-content-2071\" class=\"elementor-tab-content elementor-clearfix\" data-tab=\"1\" role=\"tabpanel\" aria-labelledby=\"elementor-tab-title-2071\" tabindex=\"0\" hidden=\"false\"><p>Sal\u00f3n de Orientaci\u00f3n de Alternativas Acad\u00e9micas, la feria de orientaci\u00f3n vocacional m\u00e1s importante del pa\u00eds, <b>SIAD<\/b>, se hace presente una vez m\u00e1s para todos los j\u00f3venes que ingresar\u00e1n a la Educaci\u00f3n Superior procedentes de toda la regi\u00f3n Metropolitana, padres, profesores, orientadores, y p\u00fablico general interesados en recibir informaci\u00f3n y orientaci\u00f3n acerca de las alternativas de acad\u00e9micas 2025, becas, cr\u00e9ditos, gratuidad, empleabilidad y proyecci\u00f3n salarial entre otros.\u00a0<\/p><p>Con m\u00e1s de 70 expositores SIAD sede Centro Cultural Estaci\u00f3n Mapocho fue visitada en su \u00faltima versi\u00f3n por m\u00e1s de 25.000 alumnos, orientadores, profesores y apoderados, cifra que crece a\u00f1o a a\u00f1o reforzando el liderazgo de EXHIBITS como empresa organizadora de la Feria vocacional m\u00e1s importante y grande de Chile que cumple 20 a\u00f1os al servicio de la Educaci\u00f3n.<\/p><p>La regi\u00f3n Metropolitana junto a la V y VII regi\u00f3n re\u00fanen el 71% de la matr\u00edcula de Educaci\u00f3n Superior de todo Chile. En primer a\u00f1o, 30% de alumnado abandona sus estudios por causa de desorientaci\u00f3n vocacional. Es decir por haber tomado una decisi\u00f3n de futuro profesional no informada, por desconocer sus propias habilidades, talentos y pasi\u00f3n o por seguir la presi\u00f3n de los padres. En SIAD nos proponemos entregar herramientas e informaci\u00f3n para evitar que los j\u00f3venes y sus familias transiten por esta dif\u00edcil experiencia que tiene un alto impacto tanto econ\u00f3mico como emocional.<\/p><p>As\u00ed mismo, durante los 3 d\u00edas de duraci\u00f3n, se realiza un completo programa de charlas que abordan los temas relacionados por ejemplo a c\u00f3mo postular a becas, cr\u00e9ditos, gratuidad y beneficios estatales. Conocer nuevas carreras y proyecciones laborales, charlas y talleres para aprender t\u00e9cnicas de manejo de ansiedad y estr\u00e9s entre otros.<\/p><p>SIAD, es una gran oportunidad para profesores, orientadores, padres y estudiantes, para informarse de las diversas alternativas acad\u00e9micas existentes, ampliar el abanico de oportunidades, conocer nuevas posibilidades de estudios, y conversar directamente con los representantes de todas las instituciones expositoras. Mientras m\u00e1s informado, mejores\u00a0herramientas tendr\u00e1n para orientar la vocaci\u00f3n por el camino profesional correcto, es decir el camino que los haga felices.<\/p><\/div>\n\t\t\t\t\t\t\t<\/div>\n\t\t<\/div>\n\t\t\t\t\t\t<\/div>\n\t\t\t\t<\/div>\n\t\t\t\t\t<\/div>\n\t\t<\/div>\n\t\t\t\t\t<\/div>\n\t\t<\/section>\n\t\t\t\t<section class=\"elementor-section elementor-top-section elementor-element elementor-element-4fb298e elementor-section-boxed elementor-section-height-default elementor-section-height-default\" data-id=\"4fb298e\" data-element_type=\"section\" data-e-type=\"section\">\n\t\t\t\t\t\t\t<div class=\"elementor-background-overlay\"><\/div>\n\t\t\t\t\t\t\t<div class=\"elementor-container elementor-column-gap-no\">\n\t\t\t\t\t<div class=\"elementor-column elementor-col-100 elementor-top-column elementor-element elementor-element-2fe3fa3\" data-id=\"2fe3fa3\" data-element_type=\"column\" data-e-type=\"column\">\n\t\t\t<div class=\"elementor-widget-wrap elementor-element-populated\">\n\t\t\t\t\t\t<div class=\"elementor-element elementor-element-c0a294b elementor-widget elementor-widget-heading\" data-id=\"c0a294b\" data-element_type=\"widget\" data-e-type=\"widget\" data-widget_type=\"heading.default\">\n\t\t\t\t<div class=\"elementor-widget-container\">\n\t\t\t\t\t<h2 class=\"elementor-heading-title elementor-size-default\">PROGRAMA DE CHARLAS SANTIAGO<\/h2>\t\t\t\t<\/div>\n\t\t\t\t<\/div>\n\t\t\t\t\t<\/div>\n\t\t<\/div>\n\t\t\t\t\t<\/div>\n\t\t<\/section>\n\t\t\t\t<section class=\"elementor-section elementor-top-section elementor-element elementor-element-6f0cf80 elementor-section-boxed elementor-section-height-default elementor-section-height-default\" data-id=\"6f0cf80\" data-element_type=\"section\" data-e-type=\"section\">\n\t\t\t\t\t\t<div class=\"elementor-container elementor-column-gap-no\">\n\t\t\t\t\t<div class=\"elementor-column elementor-col-50 elementor-top-column elementor-element elementor-element-63d35a8\" data-id=\"63d35a8\" data-element_type=\"column\" data-e-type=\"column\">\n\t\t\t<div class=\"elementor-widget-wrap elementor-element-populated\">\n\t\t\t\t\t\t<div class=\"elementor-element elementor-element-42af449 elementor-widget elementor-widget-image\" data-id=\"42af449\" data-element_type=\"widget\" data-e-type=\"widget\" data-widget_type=\"image.default\">\n\t\t\t\t<div class=\"elementor-widget-container\">\n\t\t\t\t\t\t\t\t\t\t\t\t\t\t\t<img loading=\"lazy\" decoding=\"async\" width=\"1152\" height=\"2560\" src=\"https:\/\/siad.cl\/cl\/wp-content\/uploads\/2025\/09\/pro_acario-scaled.jpg\" class=\"attachment-full size-full wp-image-2877\" alt=\"\" srcset=\"https:\/\/siad.cl\/cl\/wp-content\/uploads\/2025\/09\/pro_acario-scaled.jpg 1152w, https:\/\/siad.cl\/cl\/wp-content\/uploads\/2025\/09\/pro_acario-135x300.jpg 135w, https:\/\/siad.cl\/cl\/wp-content\/uploads\/2025\/09\/pro_acario-461x1024.jpg 461w, https:\/\/siad.cl\/cl\/wp-content\/uploads\/2025\/09\/pro_acario-768x1706.jpg 768w, https:\/\/siad.cl\/cl\/wp-content\/uploads\/2025\/09\/pro_acario-691x1536.jpg 691w, https:\/\/siad.cl\/cl\/wp-content\/uploads\/2025\/09\/pro_acario-922x2048.jpg 922w\" sizes=\"(max-width: 1152px) 100vw, 1152px\" \/>\t\t\t\t\t\t\t\t\t\t\t\t\t\t\t<\/div>\n\t\t\t\t<\/div>\n\t\t\t\t\t<\/div>\n\t\t<\/div>\n\t\t\t\t<div class=\"elementor-column elementor-col-50 elementor-top-column elementor-element elementor-element-857f7f4\" data-id=\"857f7f4\" data-element_type=\"column\" data-e-type=\"column\">\n\t\t\t<div class=\"elementor-widget-wrap elementor-element-populated\">\n\t\t\t\t\t\t<div class=\"elementor-element elementor-element-428be10 elementor-widget elementor-widget-image\" data-id=\"428be10\" data-element_type=\"widget\" data-e-type=\"widget\" data-widget_type=\"image.default\">\n\t\t\t\t<div class=\"elementor-widget-container\">\n\t\t\t\t\t\t\t\t\t\t\t\t\t\t\t<img loading=\"lazy\" decoding=\"async\" width=\"1152\" height=\"2560\" src=\"https:\/\/siad.cl\/cl\/wp-content\/uploads\/2025\/09\/prog_camilo-scaled.jpg\" class=\"attachment-full size-full wp-image-2878\" alt=\"\" srcset=\"https:\/\/siad.cl\/cl\/wp-content\/uploads\/2025\/09\/prog_camilo-scaled.jpg 1152w, https:\/\/siad.cl\/cl\/wp-content\/uploads\/2025\/09\/prog_camilo-135x300.jpg 135w, https:\/\/siad.cl\/cl\/wp-content\/uploads\/2025\/09\/prog_camilo-461x1024.jpg 461w, https:\/\/siad.cl\/cl\/wp-content\/uploads\/2025\/09\/prog_camilo-768x1706.jpg 768w, https:\/\/siad.cl\/cl\/wp-content\/uploads\/2025\/09\/prog_camilo-691x1536.jpg 691w, https:\/\/siad.cl\/cl\/wp-content\/uploads\/2025\/09\/prog_camilo-922x2048.jpg 922w\" sizes=\"(max-width: 1152px) 100vw, 1152px\" \/>\t\t\t\t\t\t\t\t\t\t\t\t\t\t\t<\/div>\n\t\t\t\t<\/div>\n\t\t\t\t\t<\/div>\n\t\t<\/div>\n\t\t\t\t\t<\/div>\n\t\t<\/section>\n\t\t\t\t<\/div>\n\t\t","protected":false},"excerpt":{"rendered":"<p>Santiago Universidades Institutos Centros de Formaci\u00f3n T\u00e9cnica Escuelas Orientaci\u00f3n Vocacional Machal\u00ed Concepci\u00f3n Valpara\u00edso Centro Cultural Estaci\u00f3n Mapocho Plaza de la Cultura s\/n, Santiago Regi\u00f3n Metropolitana Mi\u00e9rcoles 23 de septiembre: 09:00 [&hellip;]<\/p>\n","protected":false},"author":1,"featured_media":0,"parent":0,"menu_order":0,"comment_status":"closed","ping_status":"closed","template":"elementor_header_footer","meta":{"_EventAllDay":false,"_EventTimezone":"","_EventStartDate":"","_EventEndDate":"","_EventStartDateUTC":"","_EventEndDateUTC":"","_EventShowMap":false,"_EventShowMapLink":false,"_EventURL":"","_EventCost":"","_EventCostDescription":"","_EventCurrencySymbol":"","_EventCurrencyCode":"","_EventCurrencyPosition":"","_EventDateTimeSeparator":"","_EventTimeRangeSeparator":"","_EventOrganizerID":[],"_EventVenueID":[],"_OrganizerEmail":"","_OrganizerPhone":"","_OrganizerWebsite":"","_VenueAddress":"","_VenueCity":"","_VenueCountry":"","_VenueProvince":"","_VenueState":"","_VenueZip":"","_VenuePhone":"","_VenueURL":"","_VenueStateProvince":"","_VenueLat":"","_VenueLng":"","_VenueShowMap":false,"_VenueShowMapLink":false,"footnotes":""},"class_list":["post-139","page","type-page","status-publish","hentry"],"_links":{"self":[{"href":"https:\/\/siad.cl\/cl\/wp-json\/wp\/v2\/pages\/139","targetHints":{"allow":["GET"]}}],"collection":[{"href":"https:\/\/siad.cl\/cl\/wp-json\/wp\/v2\/pages"}],"about":[{"href":"https:\/\/siad.cl\/cl\/wp-json\/wp\/v2\/types\/page"}],"author":[{"embeddable":true,"href":"https:\/\/siad.cl\/cl\/wp-json\/wp\/v2\/users\/1"}],"replies":[{"embeddable":true,"href":"https:\/\/siad.cl\/cl\/wp-json\/wp\/v2\/comments?post=139"}],"version-history":[{"count":94,"href":"https:\/\/siad.cl\/cl\/wp-json\/wp\/v2\/pages\/139\/revisions"}],"predecessor-version":[{"id":3176,"href":"https:\/\/siad.cl\/cl\/wp-json\/wp\/v2\/pages\/139\/revisions\/3176"}],"wp:attachment":[{"href":"https:\/\/siad.cl\/cl\/wp-json\/wp\/v2\/media?parent=139"}],"curies":[{"name":"wp","href":"https:\/\/api.w.org\/{rel}","templated":true}]}}