{"id":1110,"date":"2024-07-08T17:15:02","date_gmt":"2024-07-08T20:15:02","guid":{"rendered":"https:\/\/siad.cl\/cl\/?page_id=1110"},"modified":"2025-09-01T17:38:28","modified_gmt":"2025-09-01T20:38:28","slug":"universidad-bernardo-ohiggins","status":"publish","type":"page","link":"https:\/\/siad.cl\/cl\/universidad-bernardo-ohiggins\/","title":{"rendered":"Universidad Bernardo O&#8217;Higgins"},"content":{"rendered":"\t\t<div data-elementor-type=\"wp-page\" data-elementor-id=\"1110\" class=\"elementor elementor-1110\">\n\t\t\t\t\t\t<section class=\"elementor-section elementor-top-section elementor-element elementor-element-340d0e77 elementor-section-height-min-height elementor-section-content-middle elementor-section-boxed elementor-section-height-default elementor-section-items-middle\" data-id=\"340d0e77\" data-element_type=\"section\" data-e-type=\"section\" data-settings=\"{&quot;background_background&quot;:&quot;classic&quot;}\">\n\t\t\t\t\t\t\t<div class=\"elementor-background-overlay\"><\/div>\n\t\t\t\t\t\t\t<div class=\"elementor-container elementor-column-gap-no\">\n\t\t\t\t\t<div class=\"elementor-column elementor-col-100 elementor-top-column elementor-element elementor-element-75488639\" data-id=\"75488639\" data-element_type=\"column\" data-e-type=\"column\" data-settings=\"{&quot;background_background&quot;:&quot;classic&quot;}\">\n\t\t\t<div class=\"elementor-widget-wrap elementor-element-populated\">\n\t\t\t\t\t\t<div class=\"elementor-element elementor-element-7225e4c5 elementor-widget elementor-widget-heading\" data-id=\"7225e4c5\" data-element_type=\"widget\" data-e-type=\"widget\" data-widget_type=\"heading.default\">\n\t\t\t\t<div class=\"elementor-widget-container\">\n\t\t\t\t\t<h1 class=\"elementor-heading-title elementor-size-default\">UNIVERSIDAD BERNARDO O'HIGGINS<\/h1>\t\t\t\t<\/div>\n\t\t\t\t<\/div>\n\t\t\t\t\t<\/div>\n\t\t<\/div>\n\t\t\t\t\t<\/div>\n\t\t<\/section>\n\t\t\t\t<section class=\"elementor-section elementor-top-section elementor-element elementor-element-2870aaf9 elementor-section-boxed elementor-section-height-default elementor-section-height-default\" data-id=\"2870aaf9\" data-element_type=\"section\" data-e-type=\"section\">\n\t\t\t\t\t\t\t<div class=\"elementor-background-overlay\"><\/div>\n\t\t\t\t\t\t\t<div class=\"elementor-container elementor-column-gap-no\">\n\t\t\t\t\t<div class=\"elementor-column elementor-col-50 elementor-top-column elementor-element elementor-element-628b3d23\" data-id=\"628b3d23\" data-element_type=\"column\" data-e-type=\"column\">\n\t\t\t<div class=\"elementor-widget-wrap elementor-element-populated\">\n\t\t\t\t\t\t<div class=\"elementor-element elementor-element-d6849ac elementor-widget elementor-widget-image\" data-id=\"d6849ac\" data-element_type=\"widget\" data-e-type=\"widget\" data-widget_type=\"image.default\">\n\t\t\t\t<div class=\"elementor-widget-container\">\n\t\t\t\t\t\t\t\t\t\t\t\t\t\t\t<img fetchpriority=\"high\" decoding=\"async\" width=\"800\" height=\"450\" src=\"https:\/\/siad.cl\/cl\/wp-content\/uploads\/2024\/07\/u-bdo-ohiggins-Imagen-pequena.jpg\" class=\"attachment-full size-full wp-image-1257\" alt=\"\" srcset=\"https:\/\/siad.cl\/cl\/wp-content\/uploads\/2024\/07\/u-bdo-ohiggins-Imagen-pequena.jpg 800w, https:\/\/siad.cl\/cl\/wp-content\/uploads\/2024\/07\/u-bdo-ohiggins-Imagen-pequena-300x169.jpg 300w, https:\/\/siad.cl\/cl\/wp-content\/uploads\/2024\/07\/u-bdo-ohiggins-Imagen-pequena-768x432.jpg 768w, https:\/\/siad.cl\/cl\/wp-content\/uploads\/2024\/07\/u-bdo-ohiggins-Imagen-pequena-600x338.jpg 600w\" sizes=\"(max-width: 800px) 100vw, 800px\" \/>\t\t\t\t\t\t\t\t\t\t\t\t\t\t\t<\/div>\n\t\t\t\t<\/div>\n\t\t\t\t<div class=\"elementor-element elementor-element-283b3535 elementor-widget elementor-widget-icon-box\" data-id=\"283b3535\" data-element_type=\"widget\" data-e-type=\"widget\" data-widget_type=\"icon-box.default\">\n\t\t\t\t<div class=\"elementor-widget-container\">\n\t\t\t\t\t\t\t<div class=\"elementor-icon-box-wrapper\">\n\n\t\t\t\n\t\t\t\t\t\t<div class=\"elementor-icon-box-content\">\n\n\t\t\t\t\t\t\t\t\t<h5 class=\"elementor-icon-box-title\">\n\t\t\t\t\t\t<a href=\"https:\/\/www.ubo.cl\/admision\/\" target=\"_blank\" >\n\t\t\t\t\t\t\twww.ubo.cl\t\t\t\t\t\t<\/a>\n\t\t\t\t\t<\/h5>\n\t\t\t\t\n\t\t\t\t\n\t\t\t<\/div>\n\t\t\t\n\t\t<\/div>\n\t\t\t\t\t\t<\/div>\n\t\t\t\t<\/div>\n\t\t\t\t\t<\/div>\n\t\t<\/div>\n\t\t\t\t<div class=\"elementor-column elementor-col-50 elementor-top-column elementor-element elementor-element-37232e4c\" data-id=\"37232e4c\" data-element_type=\"column\" data-e-type=\"column\">\n\t\t\t<div class=\"elementor-widget-wrap elementor-element-populated\">\n\t\t\t\t\t\t<section class=\"elementor-section elementor-inner-section elementor-element elementor-element-1c50e4ab elementor-section-boxed elementor-section-height-default elementor-section-height-default\" data-id=\"1c50e4ab\" data-element_type=\"section\" data-e-type=\"section\">\n\t\t\t\t\t\t<div class=\"elementor-container elementor-column-gap-no\">\n\t\t\t\t\t<div class=\"elementor-column elementor-col-100 elementor-inner-column elementor-element elementor-element-60808048\" data-id=\"60808048\" data-element_type=\"column\" data-e-type=\"column\" data-settings=\"{&quot;background_background&quot;:&quot;classic&quot;}\">\n\t\t\t<div class=\"elementor-widget-wrap elementor-element-populated\">\n\t\t\t\t\t<div class=\"elementor-background-overlay\"><\/div>\n\t\t\t\t\t\t<div class=\"elementor-element elementor-element-68233e33 elementor-widget-divider--separator-type-pattern elementor-widget-divider--view-line elementor-widget elementor-widget-divider\" data-id=\"68233e33\" data-element_type=\"widget\" data-e-type=\"widget\" data-widget_type=\"divider.default\">\n\t\t\t\t<div class=\"elementor-widget-container\">\n\t\t\t\t\t\t\t<div class=\"elementor-divider\" style=\"--divider-pattern-url: url(&quot;data:image\/svg+xml,%3Csvg xmlns=&#039;http:\/\/www.w3.org\/2000\/svg&#039; preserveAspectRatio=&#039;none&#039; overflow=&#039;visible&#039; height=&#039;100%&#039; viewBox=&#039;0 0 24 24&#039; fill=&#039;none&#039; stroke=&#039;black&#039; stroke-width=&#039;4&#039; stroke-linecap=&#039;square&#039; stroke-miterlimit=&#039;10&#039;%3E%3Cpolyline points=&#039;0,18 12,6 24,18 &#039;\/%3E%3C\/svg%3E&quot;);\">\n\t\t\t<span class=\"elementor-divider-separator\">\n\t\t\t\t\t\t<\/span>\n\t\t<\/div>\n\t\t\t\t\t\t<\/div>\n\t\t\t\t<\/div>\n\t\t\t\t<div class=\"elementor-element elementor-element-83149e elementor-widget elementor-widget-heading\" data-id=\"83149e\" data-element_type=\"widget\" data-e-type=\"widget\" data-widget_type=\"heading.default\">\n\t\t\t\t<div class=\"elementor-widget-container\">\n\t\t\t\t\t<h3 class=\"elementor-heading-title elementor-size-default\">Universidad <br>Bernardo O'Higgins\n<\/h3>\t\t\t\t<\/div>\n\t\t\t\t<\/div>\n\t\t\t\t<div class=\"elementor-element elementor-element-449e3a38 elementor-widget elementor-widget-heading\" data-id=\"449e3a38\" data-element_type=\"widget\" data-e-type=\"widget\" data-widget_type=\"heading.default\">\n\t\t\t\t<div class=\"elementor-widget-container\">\n\t\t\t\t\t<h6 class=\"elementor-heading-title elementor-size-default\">Avenida Viel 1497, <br> Santiago\n<\/h6>\t\t\t\t<\/div>\n\t\t\t\t<\/div>\n\t\t\t\t<div class=\"elementor-element elementor-element-6abc7f24 e-grid-align-left e-grid-align-mobile-left e-grid-align-tablet-left elementor-shape-rounded elementor-grid-0 elementor-widget elementor-widget-social-icons\" data-id=\"6abc7f24\" data-element_type=\"widget\" data-e-type=\"widget\" data-widget_type=\"social-icons.default\">\n\t\t\t\t<div class=\"elementor-widget-container\">\n\t\t\t\t\t\t\t<div class=\"elementor-social-icons-wrapper elementor-grid\" role=\"list\">\n\t\t\t\t\t\t\t<span class=\"elementor-grid-item\" role=\"listitem\">\n\t\t\t\t\t<a class=\"elementor-icon elementor-social-icon elementor-social-icon-instagram elementor-repeater-item-5cb7115\" href=\"https:\/\/www.instagram.com\/admision.ubo\/#\" target=\"_blank\">\n\t\t\t\t\t\t<span class=\"elementor-screen-only\">Instagram<\/span>\n\t\t\t\t\t\t<i aria-hidden=\"true\" class=\"fab fa-instagram\"><\/i>\t\t\t\t\t<\/a>\n\t\t\t\t<\/span>\n\t\t\t\t\t\t\t<span class=\"elementor-grid-item\" role=\"listitem\">\n\t\t\t\t\t<a class=\"elementor-icon elementor-social-icon elementor-social-icon-tiktok elementor-repeater-item-192b793\" href=\"https:\/\/www.tiktok.com\/@admision.ubo?lang=es\" target=\"_blank\">\n\t\t\t\t\t\t<span class=\"elementor-screen-only\">Tiktok<\/span>\n\t\t\t\t\t\t<i aria-hidden=\"true\" class=\"fab fa-tiktok\"><\/i>\t\t\t\t\t<\/a>\n\t\t\t\t<\/span>\n\t\t\t\t\t\t\t<span class=\"elementor-grid-item\" role=\"listitem\">\n\t\t\t\t\t<a class=\"elementor-icon elementor-social-icon elementor-social-icon-youtube elementor-repeater-item-d66f956\" href=\"https:\/\/www.youtube.com\/admisionubo\" target=\"_blank\">\n\t\t\t\t\t\t<span class=\"elementor-screen-only\">Youtube<\/span>\n\t\t\t\t\t\t<i aria-hidden=\"true\" class=\"fab fa-youtube\"><\/i>\t\t\t\t\t<\/a>\n\t\t\t\t<\/span>\n\t\t\t\t\t\t\t<span class=\"elementor-grid-item\" role=\"listitem\">\n\t\t\t\t\t<a class=\"elementor-icon elementor-social-icon elementor-social-icon-facebook elementor-repeater-item-b4e4881\" href=\"https:\/\/www.facebook.com\/uboadmision\" target=\"_blank\">\n\t\t\t\t\t\t<span class=\"elementor-screen-only\">Facebook<\/span>\n\t\t\t\t\t\t<i aria-hidden=\"true\" class=\"fab fa-facebook\"><\/i>\t\t\t\t\t<\/a>\n\t\t\t\t<\/span>\n\t\t\t\t\t<\/div>\n\t\t\t\t\t\t<\/div>\n\t\t\t\t<\/div>\n\t\t\t\t\t<\/div>\n\t\t<\/div>\n\t\t\t\t\t<\/div>\n\t\t<\/section>\n\t\t\t\t<div class=\"elementor-element elementor-element-7558b1e9 elementor-widget elementor-widget-text-editor\" data-id=\"7558b1e9\" data-element_type=\"widget\" data-e-type=\"widget\" data-widget_type=\"text-editor.default\">\n\t\t\t\t<div class=\"elementor-widget-container\">\n\t\t\t\t\t\t\t\t\t<p>Con 35 a\u00f1os de trayectoria, la Universidad Bernardo O\u2019Higgins ha alcanzado un desarrollo sistem\u00e1tico manteniendo un compromiso permanente con la calidad como uno de sus pilares fundamentales lo que se refleja en el logro de la Acreditaci\u00f3n Institucional de nivel avanzado, por cinco a\u00f1os. Este hito consolida el sostenido crecimiento institucional y reafirma el compromiso de la Universidad con la b\u00fasqueda de la excelencia acad\u00e9mica, la mejora continua, la calidad educativa y el desarrollo integral de toda su comunidad universitaria.<\/p><p>En su historia destaca hechos como el ingreso al Sistema de Acceso Universitario y la adhesi\u00f3n a la Gratuidad desde la admisi\u00f3n 2021, lo que ha permitido que m\u00e1s del 80% de los estudiantes nuevos financien sus estudios con esta ayuda ministerial.<\/p>\t\t\t\t\t\t\t\t<\/div>\n\t\t\t\t<\/div>\n\t\t\t\t<div class=\"elementor-element elementor-element-692748ea elementor-widget elementor-widget-heading\" data-id=\"692748ea\" data-element_type=\"widget\" data-e-type=\"widget\" data-widget_type=\"heading.default\">\n\t\t\t\t<div class=\"elementor-widget-container\">\n\t\t\t\t\t<h5 class=\"elementor-heading-title elementor-size-default\">Participaci\u00f3n en sedes SIAD:<\/h5>\t\t\t\t<\/div>\n\t\t\t\t<\/div>\n\t\t\t\t<div class=\"elementor-element elementor-element-7d116c3d elementor-widget elementor-widget-icon-box\" data-id=\"7d116c3d\" data-element_type=\"widget\" data-e-type=\"widget\" data-widget_type=\"icon-box.default\">\n\t\t\t\t<div class=\"elementor-widget-container\">\n\t\t\t\t\t\t\t<div class=\"elementor-icon-box-wrapper\">\n\n\t\t\t\n\t\t\t\t\t\t<div class=\"elementor-icon-box-content\">\n\n\t\t\t\t\t\t\t\t\t<h6 class=\"elementor-icon-box-title\">\n\t\t\t\t\t\t<span  >\n\t\t\t\t\t\t\tSantiago\t\t\t\t\t\t<\/span>\n\t\t\t\t\t<\/h6>\n\t\t\t\t\n\t\t\t\t\n\t\t\t<\/div>\n\t\t\t\n\t\t<\/div>\n\t\t\t\t\t\t<\/div>\n\t\t\t\t<\/div>\n\t\t\t\t\t<\/div>\n\t\t<\/div>\n\t\t\t\t\t<\/div>\n\t\t<\/section>\n\t\t\t\t<section class=\"elementor-section elementor-top-section elementor-element elementor-element-12ec8b22 elementor-section-boxed elementor-section-height-default elementor-section-height-default\" data-id=\"12ec8b22\" data-element_type=\"section\" data-e-type=\"section\">\n\t\t\t\t\t\t\t<div class=\"elementor-background-overlay\"><\/div>\n\t\t\t\t\t\t\t<div class=\"elementor-container elementor-column-gap-no\">\n\t\t\t\t\t<div class=\"elementor-column elementor-col-100 elementor-top-column elementor-element elementor-element-2a92513f\" data-id=\"2a92513f\" data-element_type=\"column\" data-e-type=\"column\">\n\t\t\t<div class=\"elementor-widget-wrap elementor-element-populated\">\n\t\t\t\t\t\t<div class=\"elementor-element elementor-element-332f34f elementor-widget elementor-widget-video\" data-id=\"332f34f\" data-element_type=\"widget\" data-e-type=\"widget\" data-settings=\"{&quot;youtube_url&quot;:&quot;https:\\\/\\\/youtu.be\\\/h-N91zCR49I&quot;,&quot;video_type&quot;:&quot;youtube&quot;,&quot;controls&quot;:&quot;yes&quot;}\" data-widget_type=\"video.default\">\n\t\t\t\t<div class=\"elementor-widget-container\">\n\t\t\t\t\t\t\t<div class=\"elementor-wrapper elementor-open-inline\">\n\t\t\t<div class=\"elementor-video\"><\/div>\t\t<\/div>\n\t\t\t\t\t\t<\/div>\n\t\t\t\t<\/div>\n\t\t\t\t<div class=\"elementor-element elementor-element-6ca04e64 elementor-widget elementor-widget-heading\" data-id=\"6ca04e64\" data-element_type=\"widget\" data-e-type=\"widget\" data-widget_type=\"heading.default\">\n\t\t\t\t<div class=\"elementor-widget-container\">\n\t\t\t\t\t<h5 class=\"elementor-heading-title elementor-size-default\">Informaci\u00f3n adicional:<\/h5>\t\t\t\t<\/div>\n\t\t\t\t<\/div>\n\t\t\t\t<div class=\"elementor-element elementor-element-1c2b2e3a elementor-widget elementor-widget-text-editor\" data-id=\"1c2b2e3a\" data-element_type=\"widget\" data-e-type=\"widget\" data-widget_type=\"text-editor.default\">\n\t\t\t\t<div class=\"elementor-widget-container\">\n\t\t\t\t\t\t\t\t\t<p>\u00bfPOR QU\u00c9 ESTUDIAR EN LA UBO?<\/p><p>\u00a0<\/p><ul><li><strong>Universidad adscrita a gratuidad: <\/strong>La Universidad Bernardo O&#8217;Higgins est\u00e1 adscrita al financiamiento para la Gratuidad y este a\u00f1o m\u00e1s del 80% de estudiantes nuevos ingres\u00f3 con el beneficio a la UBO.<\/li><\/ul><p>Aquellos interesados en postular a este beneficio, deben completar el Formulario \u00danico de Acreditaci\u00f3n Socioecon\u00f3mica (FUAS) dentro de los plazos establecidos por el MINEDUC para el proceso de admisi\u00f3n 2026. Si resultan seleccionados\/as en alguna carrera de la UBO y cuentan con el beneficio de Gratuidad, podr\u00e1n realizar su matr\u00edcula y aprovechar esta importante ayuda durante la duraci\u00f3n formal de la carrera. M\u00e1s informaci\u00f3n en <a href=\"https:\/\/portal.beneficiosestudiantiles.cl\/gratuidad\">https:\/\/portal.beneficiosestudiantiles.cl\/gratuidad<\/a><\/p><p>\u00a0<\/p><ul><li><strong>Mallas modernas e innovadoras para enfrentar los nuevos desaf\u00edos:<\/strong> Las Mallas Curriculares de las carreras de la Universidad Bernardo O\u2019Higgins permiten a los\/as estudiantes cursar una formaci\u00f3n profesional integral, actualizada y vinculada a las necesidades y demandas sociales, contemplando un enfoque sustentable y \u00e9ticamente responsable.<\/li><\/ul><p>\u00a0<\/p><ul><li><strong>Pr\u00e1cticas tempranas:<\/strong> Los\/as estudiantes disponen de experiencias pr\u00e1cticas a partir del primer ciclo de formaci\u00f3n, lo anterior permite el desarrollo progresivo de desempe\u00f1os profesionales que habiliten a los\/as futuros\/as egresados\/as a desempe\u00f1arse en los distintos niveles y campos, siendo una herramienta importante para la empleabilidad de nuestros\/as Alumni.<\/li><\/ul><p>\u00a0<\/p><ul><li><strong>Centros de pr\u00e1ctica y campus cl\u00ednicos:<\/strong> La UBO cuenta con diversos centros en convenio de pr\u00e1ctica a lo largo del pa\u00eds en las \u00e1reas de Ingenier\u00eda, Administraci\u00f3n y Negocios, Ciencias Humanas, Ciencias de la Salud y Ciencias M\u00e9dicas para sus programas de pregrado. Es importante destacar, que la Universidad cuenta con su propio Complejo Cl\u00ednico UBO, bajo el esquema de \u201cUna sola salud\u201d (One Health) que promueve la Organizaci\u00f3n Panamericana de Salud de cara a las enfermedades zoon\u00f3ticas. Adem\u00e1s, la Universidad cuenta con una Cl\u00ednica Veterinaria, que entrega servicios de consultas de diagn\u00f3stico, administraci\u00f3n de desparasitarlos, vacunas y medicamentos, entre otros servicios a la comunidad.<\/li><\/ul><p>\u00a0<\/p><ul><li><strong>Vida universitaria para el desarrollo integral de sus estudiantes<\/strong>: La UBO, a trav\u00e9s de Asuntos Estudiantiles, impulsa una vida universitaria activa, inclusiva y comprometida con el desarrollo integral de sus estudiantes. Nuestra labor abarca desde el acompa\u00f1amiento en temas complejos como la implementaci\u00f3n de la Ley 21.369, hasta la generaci\u00f3n de espacios de encuentro, expresi\u00f3n y bienestar, tales como bienvenidas, celebraciones institucionales, fiestas patrias, ferias estudiantiles, galas de talentos, actividades culturales, deportivas, de salud mental, agrupaciones estudiantiles y acciones solidarias. Todo esto se articula mediante un plan de cuidado integral que promueve la salud f\u00edsica y mental, la seguridad, la participaci\u00f3n y el sentido de pertenencia en la comunidad universitaria.<\/li><\/ul><p>\u00a0<\/p><ul><li><strong>Programas de acompa\u00f1amiento acad\u00e9mico para futuros estudiantes<\/strong>: La universidad acompa\u00f1a a sus estudiantes durante todo el trayecto formativo, a trav\u00e9s de diversas acciones y programas de apoyo, de acuerdo a sus necesidades personales. Dentro de los que destacan el programa de Nivelaci\u00f3n Cero, psicoeducaci\u00f3n, psicopedagog\u00eda, apoyo psicol\u00f3gico, acompa\u00f1amiento tutorial, reforzamiento disciplinar, lectura y escritura acad\u00e9mica, acompa\u00f1amiento al desarrollo profesional, inclusi\u00f3n educativa, entre otros.<\/li><\/ul><p>\u00a0<\/p><ul><li><strong>La UBO destaca en los Rankings<\/strong>: Por cuarto a\u00f1o consecutivo, la Universidad Bernardo O\u2019Higgins logr\u00f3 clasificar en el reconocido\u00a0Ranking Times Higher Education (THE) Impact 2025, mejorando su posicionamiento global y reafirmando su compromiso institucional con los Objetivos de Desarrollo Sostenible (ODS) de la ONU. Esta medici\u00f3n internacional reconoce el esfuerzo integral de las Instituciones de Educaci\u00f3n Superior (IES) en la promoci\u00f3n de pol\u00edticas y acciones orientadas al bienestar social, la equidad, la salud, la educaci\u00f3n y las alianzas para el desarrollo.<\/li><\/ul><p>En t\u00e9rminos generales, la UBO logr\u00f3 una ubicaci\u00f3n destacada en el percentil 74% a escala mundial, 81% a nivel regional y 70% dentro del contexto nacional, lo que la posiciona en el\u00a0octavo lugar entre las 24 universidades chilenas clasificadas este a\u00f1o. Estos avances reflejan una evoluci\u00f3n constante, que refuerza el impacto tangible de la Universidad en el entorno social y acad\u00e9mico, alineando su labor formativa y de investigaci\u00f3n con las metas globales del siglo XXI.<\/p><p>\u00a0<\/p><ul><li><strong>Instituci\u00f3n que aporta en investigaci\u00f3n e innovaci\u00f3n al desarrollo del pa\u00eds: <\/strong><\/li><\/ul><p>La Universidad Bernardo O\u2019Higgins cuenta con 8 centros de investigaci\u00f3n que abordan tem\u00e1ticas clave para el desarrollo nacional, como las ciencias qu\u00edmico-biol\u00f3gicas, astronom\u00eda, ciberseguridad, medio ambiente y sustentabilidad, salud y sociedad, historia colonial y chilena, gesti\u00f3n del riesgo de desastres naturales y recursos h\u00eddricos.<\/p><p>Nuestros acad\u00e9micos lideran proyectos financiados con fondos externos altamente competitivos y son reconocidos por su productividad cient\u00edfica, con publicaciones en revistas indexadas de alto impacto. Este prestigio se refleja tambi\u00e9n en su participaci\u00f3n en redes internacionales y en el posicionamiento creciente de la universidad en rankings especializados.<\/p><p>Adem\u00e1s, la UBO fomenta activamente la participaci\u00f3n estudiantil en investigaci\u00f3n e innovaci\u00f3n, a trav\u00e9s de concursos internos que financian proyectos liderados por estudiantes, promoviendo desde el pregrado una formaci\u00f3n cr\u00edtica, creativa y conectada con los desaf\u00edos reales del pa\u00eds y del mundo.<\/p><p>\u00a0<\/p><p><strong>Ent\u00e9rate de las actividades que tenemos para que te prepares para el ingreso a la universidad.<\/strong><\/p><p><strong>Talleres pr\u00e1cticos de las carreras de Ingenier\u00eda en mecatr\u00f3nica e Ingenier\u00eda en realidad virtual y dise\u00f1o de juegos digitales:<\/strong> \u00a1Prep\u00e1rate para potenciar tu talento! La UBO ofrece talleres pr\u00e1cticos dise\u00f1ados especialmente para futuros estudiantes de Ingenier\u00eda en mecatr\u00f3nica e Ingenier\u00eda en realidad virtual y dise\u00f1o de juegos digitales. Estos talleres te brindar\u00e1n experiencias \u00fanicas, donde podr\u00e1s aplicar conocimientos, explorar tecnolog\u00edas innovadoras y desarrollar habilidades clave para tu futura carrera.<\/p><p><strong>Tour UBO:<\/strong> No te quedes sin conocer tu Universidad. Todos los jueves del a\u00f1o desde las 16 hrs podr\u00e1s realizar un tour presencial, donde podr\u00e1s conocer nuestra Casa Central y Campus, Hospital de Simulaci\u00f3n Cl\u00ednica, salas, laboratorios, bibliotecas, \u00e1reas verdes, entre otros. Inscripciones en admision.ubo.cl<\/p><p>\u00a0<\/p><p><strong>PreUBO:<\/strong> Inscr\u00edbete en <a href=\"http:\/\/www.preubo.cl\">www.preubo.cl<\/a> y s\u00e9 parte del preuniversitario online y gratuito de la Universidad Bernardo O\u00b4Higgins. Encontrar\u00e1s: ensayos mensuales, test vocacional, clases en vivo y asincr\u00f3nicas, ensayos personalizados y \u00a1Mucho m\u00e1s!<\/p><p>\u00a0<\/p><p><strong>Recorrido por las instalaciones de la carrera de Medicina UBO:<\/strong> Te invitamos a conocer las instalaciones donde se dicta la carrera de Medicina UBO, donde podr\u00e1s conocer los laboratorios de morfolog\u00eda, anatom\u00eda, imagenolog\u00eda, as\u00ed como tambi\u00e9n el completo Hospital de Simulaci\u00f3n Cl\u00ednica con sus pabellones y box de atenci\u00f3n en donde nuestros estudiantes ponen en pr\u00e1ctica lo que ser\u00e1 su futuro como m\u00e9dicos UBO.\u00a0 Inscr\u00edbete en los recorridos que realizaremos durante octubre, noviembre y diciembre en admision.ubo.cl<\/p><p>\u00a0<\/p><p><strong>Semana de la Postulaci\u00f3n UBO:<\/strong> del 05 al 08 de enero, s\u00e9 parte de la Semana de la Postulaci\u00f3n UBO, conoce m\u00e1s sobre tu carrera de inter\u00e9s, conversa con los\/as directores\/as y docentes de las carreras, aclara tus dudas, recorre nuestros campus y postula informado. Te esperamos en Av. Viel 1497 a pasos del metro Rondizzoni.<\/p><p>Feria de Postulaci\u00f3n y Matr\u00edcula: la UBO ser\u00e1 parte de la Feria de Postulaci\u00f3n y Matr\u00edcula, la cual re\u00fane a las m\u00e1s importantes instituciones educativas del pa\u00eds, en donde encontrar\u00e1n todas las alternativas acad\u00e9micas. Te esperamos el 05 y 06 de enero en el Centro Cultural Estaci\u00f3n Mapocho.<\/p>\t\t\t\t\t\t\t\t<\/div>\n\t\t\t\t<\/div>\n\t\t\t\t<div class=\"elementor-element elementor-element-7b6f112 elementor-align-center elementor-widget elementor-widget-button\" data-id=\"7b6f112\" data-element_type=\"widget\" data-e-type=\"widget\" data-widget_type=\"button.default\">\n\t\t\t\t<div class=\"elementor-widget-container\">\n\t\t\t\t\t\t\t\t\t<div class=\"elementor-button-wrapper\">\n\t\t\t\t\t<a class=\"elementor-button elementor-button-link elementor-size-md\" href=\"https:\/\/siad.cl\/cl\/catalogo-de-expositores\/\">\n\t\t\t\t\t\t<span class=\"elementor-button-content-wrapper\">\n\t\t\t\t\t\t\t\t\t<span class=\"elementor-button-text\">VOLVER AL CAT\u00c1LOGO DE EXPOSITORES<\/span>\n\t\t\t\t\t<\/span>\n\t\t\t\t\t<\/a>\n\t\t\t\t<\/div>\n\t\t\t\t\t\t\t\t<\/div>\n\t\t\t\t<\/div>\n\t\t\t\t\t<\/div>\n\t\t<\/div>\n\t\t\t\t\t<\/div>\n\t\t<\/section>\n\t\t\t\t<\/div>\n\t\t","protected":false},"excerpt":{"rendered":"<p>UNIVERSIDAD BERNARDO O&#8217;HIGGINS www.ubo.cl Universidad Bernardo O&#8217;Higgins Avenida Viel 1497, Santiago Instagram Tiktok Youtube Facebook Con 35 a\u00f1os de trayectoria, la Universidad Bernardo O\u2019Higgins ha alcanzado un desarrollo sistem\u00e1tico manteniendo un compromiso permanente con la calidad como uno de sus pilares fundamentales lo que se refleja en el logro de la Acreditaci\u00f3n Institucional de nivel [&hellip;]<\/p>\n","protected":false},"author":2,"featured_media":0,"parent":0,"menu_order":0,"comment_status":"closed","ping_status":"closed","template":"elementor_header_footer","meta":{"footnotes":""},"class_list":["post-1110","page","type-page","status-publish","hentry"],"_links":{"self":[{"href":"https:\/\/siad.cl\/cl\/wp-json\/wp\/v2\/pages\/1110","targetHints":{"allow":["GET"]}}],"collection":[{"href":"https:\/\/siad.cl\/cl\/wp-json\/wp\/v2\/pages"}],"about":[{"href":"https:\/\/siad.cl\/cl\/wp-json\/wp\/v2\/types\/page"}],"author":[{"embeddable":true,"href":"https:\/\/siad.cl\/cl\/wp-json\/wp\/v2\/users\/2"}],"replies":[{"embeddable":true,"href":"https:\/\/siad.cl\/cl\/wp-json\/wp\/v2\/comments?post=1110"}],"version-history":[{"count":23,"href":"https:\/\/siad.cl\/cl\/wp-json\/wp\/v2\/pages\/1110\/revisions"}],"predecessor-version":[{"id":2765,"href":"https:\/\/siad.cl\/cl\/wp-json\/wp\/v2\/pages\/1110\/revisions\/2765"}],"wp:attachment":[{"href":"https:\/\/siad.cl\/cl\/wp-json\/wp\/v2\/media?parent=1110"}],"curies":[{"name":"wp","href":"https:\/\/api.w.org\/{rel}","templated":true}]}}