{"id":1004,"date":"2024-05-01T21:27:05","date_gmt":"2024-05-02T00:27:05","guid":{"rendered":"https:\/\/siad.cl\/cl\/?page_id=1004"},"modified":"2026-04-08T13:45:28","modified_gmt":"2026-04-08T16:45:28","slug":"inscripcion-colegios","status":"publish","type":"page","link":"https:\/\/siad.cl\/cl\/inscripcion-colegios\/","title":{"rendered":"Inscripci\u00f3n Colegios"},"content":{"rendered":"\t\t<div data-elementor-type=\"wp-page\" data-elementor-id=\"1004\" class=\"elementor elementor-1004\">\n\t\t\t\t\t\t<section class=\"elementor-section elementor-top-section elementor-element elementor-element-340d0e77 elementor-section-height-min-height elementor-section-content-middle elementor-section-boxed elementor-section-height-default elementor-section-items-middle\" data-id=\"340d0e77\" data-element_type=\"section\" data-e-type=\"section\" data-settings=\"{&quot;background_background&quot;:&quot;classic&quot;}\">\n\t\t\t\t\t\t\t<div class=\"elementor-background-overlay\"><\/div>\n\t\t\t\t\t\t\t<div class=\"elementor-container elementor-column-gap-no\">\n\t\t\t\t\t<div class=\"elementor-column elementor-col-100 elementor-top-column elementor-element elementor-element-75488639\" data-id=\"75488639\" data-element_type=\"column\" data-e-type=\"column\" data-settings=\"{&quot;background_background&quot;:&quot;classic&quot;}\">\n\t\t\t<div class=\"elementor-widget-wrap elementor-element-populated\">\n\t\t\t\t\t\t<div class=\"elementor-element elementor-element-7225e4c5 elementor-widget elementor-widget-heading\" data-id=\"7225e4c5\" data-element_type=\"widget\" data-e-type=\"widget\" data-widget_type=\"heading.default\">\n\t\t\t\t<div class=\"elementor-widget-container\">\n\t\t\t\t\t<h1 class=\"elementor-heading-title elementor-size-default\">Inscripci\u00f3n Colegios\n<\/h1>\t\t\t\t<\/div>\n\t\t\t\t<\/div>\n\t\t\t\t\t<\/div>\n\t\t<\/div>\n\t\t\t\t\t<\/div>\n\t\t<\/section>\n\t\t\t\t<section class=\"elementor-section elementor-top-section elementor-element elementor-element-2870aaf9 elementor-section-boxed elementor-section-height-default elementor-section-height-default\" data-id=\"2870aaf9\" data-element_type=\"section\" data-e-type=\"section\">\n\t\t\t\t\t\t\t<div class=\"elementor-background-overlay\"><\/div>\n\t\t\t\t\t\t\t<div class=\"elementor-container elementor-column-gap-no\">\n\t\t\t\t\t<div class=\"elementor-column elementor-col-50 elementor-top-column elementor-element elementor-element-628b3d23\" data-id=\"628b3d23\" data-element_type=\"column\" data-e-type=\"column\">\n\t\t\t<div class=\"elementor-widget-wrap elementor-element-populated\">\n\t\t\t\t\t\t<div class=\"elementor-element elementor-element-d6849ac elementor-widget elementor-widget-image\" data-id=\"d6849ac\" data-element_type=\"widget\" data-e-type=\"widget\" data-widget_type=\"image.default\">\n\t\t\t\t<div class=\"elementor-widget-container\">\n\t\t\t\t\t\t\t\t\t\t\t\t\t\t\t<img fetchpriority=\"high\" decoding=\"async\" width=\"1400\" height=\"933\" src=\"https:\/\/siad.cl\/cl\/wp-content\/uploads\/2024\/02\/santiago.jpg\" class=\"attachment-full size-full wp-image-587\" alt=\"\" srcset=\"https:\/\/siad.cl\/cl\/wp-content\/uploads\/2024\/02\/santiago.jpg 1400w, https:\/\/siad.cl\/cl\/wp-content\/uploads\/2024\/02\/santiago-600x400.jpg 600w, https:\/\/siad.cl\/cl\/wp-content\/uploads\/2024\/02\/santiago-300x200.jpg 300w, https:\/\/siad.cl\/cl\/wp-content\/uploads\/2024\/02\/santiago-1024x682.jpg 1024w, https:\/\/siad.cl\/cl\/wp-content\/uploads\/2024\/02\/santiago-768x512.jpg 768w\" sizes=\"(max-width: 1400px) 100vw, 1400px\" \/>\t\t\t\t\t\t\t\t\t\t\t\t\t\t\t<\/div>\n\t\t\t\t<\/div>\n\t\t\t\t\t<\/div>\n\t\t<\/div>\n\t\t\t\t<div class=\"elementor-column elementor-col-50 elementor-top-column elementor-element elementor-element-37232e4c\" data-id=\"37232e4c\" data-element_type=\"column\" data-e-type=\"column\">\n\t\t\t<div class=\"elementor-widget-wrap elementor-element-populated\">\n\t\t\t\t\t\t<div class=\"elementor-element elementor-element-f9cca90 elementor-widget-divider--separator-type-pattern elementor-widget-divider--view-line elementor-widget elementor-widget-divider\" data-id=\"f9cca90\" data-element_type=\"widget\" data-e-type=\"widget\" data-widget_type=\"divider.default\">\n\t\t\t\t<div class=\"elementor-widget-container\">\n\t\t\t\t\t\t\t<div class=\"elementor-divider\" style=\"--divider-pattern-url: url(&quot;data:image\/svg+xml,%3Csvg xmlns=&#039;http:\/\/www.w3.org\/2000\/svg&#039; preserveAspectRatio=&#039;none&#039; overflow=&#039;visible&#039; height=&#039;100%&#039; viewBox=&#039;0 0 24 24&#039; fill=&#039;none&#039; stroke=&#039;black&#039; stroke-width=&#039;4&#039; stroke-linecap=&#039;square&#039; stroke-miterlimit=&#039;10&#039;%3E%3Cpolyline points=&#039;0,18 12,6 24,18 &#039;\/%3E%3C\/svg%3E&quot;);\">\n\t\t\t<span class=\"elementor-divider-separator\">\n\t\t\t\t\t\t<\/span>\n\t\t<\/div>\n\t\t\t\t\t\t<\/div>\n\t\t\t\t<\/div>\n\t\t\t\t<div class=\"elementor-element elementor-element-81323c7 elementor-widget elementor-widget-text-editor\" data-id=\"81323c7\" data-element_type=\"widget\" data-e-type=\"widget\" data-widget_type=\"text-editor.default\">\n\t\t\t\t<div class=\"elementor-widget-container\">\n\t\t\t\t\t\t\t\t\t<p><span data-ogsc=\"rgb(0, 0, 0)\">Estimados Directores, Orientadores y Profesores:\u00a0<\/span><\/p><p><span data-ogsc=\"rgb(0, 0, 0)\">Junto con saludarlos y esperando se encuentren muy bien, les informamos que hemos dado inicio al proceso de inscripci\u00f3n de\u00a0colegios\u00a0para visitar <b>SIAD 2026<\/b>.\u00a0<\/span><span data-ogsc=\"rgb(0, 0, 0)\">\u00a0<\/span><\/p><p><span data-ogsc=\"rgb(0, 0, 0)\">Tal como el a\u00f1o pasado, se debe completar la planilla de inscripci\u00f3n (archivo Excel) que pueden descargar en el siguiente link:\u00a0<\/span><span data-ogsc=\"rgb(0, 0, 0)\" data-ogsb=\"yellow\"><b><a href=\"#\">FORMULARIO INSCRIPCI\u00d3N 2026<\/a><\/b><\/span><span data-ogsc=\"rgb(0, 0, 0)\">, para que as\u00ed el profesor, orientador u otro directivo del colegio lo pueda completar y lo env\u00ede al mail <b>acifuentes@exhibits.cl<\/b> y de esta forma<\/span><span data-ogsc=\"rgb(0, 0, 0)\" data-ogsb=\"rgb(255, 255, 255)\">\u00a0hacer m\u00e1s expedito el ingreso a la feria de los alumnos.<\/span><\/p><p><span data-ogsc=\"rgb(0, 0, 0)\">Una vez recibida la inscripci\u00f3n y verificados el <strong><i>d\u00eda y horario solicitado<\/i><\/strong>, se confirmar\u00e1 la participaci\u00f3n v\u00eda mail.<\/span><\/p><p class=\"x_x_elementToProof\"><span data-ogsc=\"rgb(0, 0, 0)\"><b>Nota importante:<\/b><i> Sobre los horarios de visita, le aconsejamos verificar que horario solicitar\u00e1\u00a0y realizar su inscripci\u00f3n a la brevedad, ya que hay capacidades limitadas en tramos de horarios en la ma\u00f1ana (entre las 9:00 y 12:00 hrs.), es por esto, que le recomendamos evaluar la posibilidad de visitar la feria durante la tarde, ya que estando m\u00e1s desocupada les permitir\u00e1 a sus alumnos tener una mejor y m\u00e1s fluida informaci\u00f3n de parte de las instituciones expositoras.<\/i><\/span><\/p><p><span data-ogsc=\"rgb(0, 0, 0)\">Agradecemos como siempre su confianza y participaci\u00f3n y ante cualquier duda nos puede contactar al <b>WhatsApp: +56 958170651<\/b> o al correo de Ma. Antonieta Cifuentes <b>acifuentes@exhibits.cl<\/b>, encargada de la inscripci\u00f3n de\u00a0colegios.\u00a0<\/span><\/p>\t\t\t\t\t\t\t\t<\/div>\n\t\t\t\t<\/div>\n\t\t\t\t<div class=\"elementor-element elementor-element-fa9f50f elementor-align-center elementor-widget elementor-widget-button\" data-id=\"fa9f50f\" data-element_type=\"widget\" data-e-type=\"widget\" data-widget_type=\"button.default\">\n\t\t\t\t<div class=\"elementor-widget-container\">\n\t\t\t\t\t\t\t\t\t<div class=\"elementor-button-wrapper\">\n\t\t\t\t\t<a class=\"elementor-button elementor-button-link elementor-size-md\" href=\"https:\/\/www.siad.cl\/cl\/FORMULARIO-INSCRIPCION-COLEGIOS-SIAD-2025.xlsx\">\n\t\t\t\t\t\t<span class=\"elementor-button-content-wrapper\">\n\t\t\t\t\t\t\t\t\t<span class=\"elementor-button-text\">DESCARGAR FORMULARIO DE INSCRIPCI\u00d3N<\/span>\n\t\t\t\t\t<\/span>\n\t\t\t\t\t<\/a>\n\t\t\t\t<\/div>\n\t\t\t\t\t\t\t\t<\/div>\n\t\t\t\t<\/div>\n\t\t\t\t<div class=\"elementor-element elementor-element-3b15b26 elementor-widget-divider--separator-type-pattern elementor-widget-divider--view-line elementor-widget elementor-widget-divider\" data-id=\"3b15b26\" data-element_type=\"widget\" data-e-type=\"widget\" data-widget_type=\"divider.default\">\n\t\t\t\t<div class=\"elementor-widget-container\">\n\t\t\t\t\t\t\t<div class=\"elementor-divider\" style=\"--divider-pattern-url: url(&quot;data:image\/svg+xml,%3Csvg xmlns=&#039;http:\/\/www.w3.org\/2000\/svg&#039; preserveAspectRatio=&#039;none&#039; overflow=&#039;visible&#039; height=&#039;100%&#039; viewBox=&#039;0 0 24 24&#039; fill=&#039;none&#039; stroke=&#039;black&#039; stroke-width=&#039;4&#039; stroke-linecap=&#039;square&#039; stroke-miterlimit=&#039;10&#039;%3E%3Cpolyline points=&#039;0,18 12,6 24,18 &#039;\/%3E%3C\/svg%3E&quot;);\">\n\t\t\t<span class=\"elementor-divider-separator\">\n\t\t\t\t\t\t<\/span>\n\t\t<\/div>\n\t\t\t\t\t\t<\/div>\n\t\t\t\t<\/div>\n\t\t\t\t<div class=\"elementor-element elementor-element-a7d8f95 elementor-widget elementor-widget-text-editor\" data-id=\"a7d8f95\" data-element_type=\"widget\" data-e-type=\"widget\" data-widget_type=\"text-editor.default\">\n\t\t\t\t<div class=\"elementor-widget-container\">\n\t\t\t\t\t\t\t\t\t<div data-ogsc=\"rgb(0, 0, 0)\" data-ogsb=\"rgb(255, 255, 255)\"><div data-ogsc=\"rgb(0, 0, 0)\" data-ogsb=\"rgb(255, 255, 255)\"><b data-ogsc=\"\">SIAD CONCEPCI\u00d3N<\/b>: Centro de Eventos Sur Activo<\/div><div data-ogsc=\"rgb(0, 0, 0)\" data-ogsb=\"rgb(255, 255, 255)\"><p><span class=\"elementor-icon-list-text\">Mi\u00e9rcoles 2 de septiembre: 10:00 a 16:00 hrs.<br \/><\/span>Jueves 3 de septiembre: 09:00 a 16:00 hrs.<\/p><\/div><div data-ogsc=\"rgb(0, 0, 0)\" data-ogsb=\"rgb(255, 255, 255)\"><b data-ogsc=\"\" data-olk-copy-source=\"MessageBody\">SIAD SANTIAGO: <\/b>Centro Cultural Estaci\u00f3n Mapocho\u00a0<\/div><\/div><div data-ogsc=\"rgb(0, 0, 0)\" data-ogsb=\"rgb(255, 255, 255)\">Mi\u00e9rcoles 23 y Jueves 24 de septiembre: 09:00 a 18:00 hrs.<\/div><div data-ogsc=\"rgb(0, 0, 0)\" data-ogsb=\"rgb(255, 255, 255)\">Viernes 25 de septiembre: 09:00 a 17:00 hrs.<\/div><div data-ogsc=\"rgb(0, 0, 0)\" data-ogsb=\"rgb(255, 255, 255)\">\u00a0<\/div><div data-ogsc=\"rgb(0, 0, 0)\" data-ogsb=\"rgb(255, 255, 255)\"><b data-ogsc=\"\">SIAD VALPARA\u00cdSO<\/b>: TP Valpara\u00edso, Muelle Bar\u00f3n<\/div><div data-ogsc=\"rgb(0, 0, 0)\" data-ogsb=\"rgb(255, 255, 255)\">Martes 6 de octubre: 10:00 a 17:00 hrs.<\/div><div data-ogsc=\"rgb(0, 0, 0)\" data-ogsb=\"rgb(255, 255, 255)\">Mi\u00e9rcoles 7 de octubre: 09:00 a 17:00 hrs<\/div><div data-ogsc=\"rgb(0, 0, 0)\" data-ogsb=\"rgb(255, 255, 255)\">Jueves 8 de octubre: 09:00 a 16:00 hrs.<\/div><div data-ogsc=\"rgb(0, 0, 0)\" data-ogsb=\"rgb(255, 255, 255)\">\u00a0<\/div><div data-ogsc=\"rgb(0, 0, 0)\" data-ogsb=\"rgb(255, 255, 255)\"><b data-ogsc=\"\">SIAD MACHAL\u00cd<\/b>: Polideportivo Guillermo Chac\u00f3n<\/div><div data-ogsc=\"rgb(0, 0, 0)\" data-ogsb=\"rgb(255, 255, 255)\">Martes 20 de octubre: 10:00 a 16:00 hrs.<\/div><div data-ogsc=\"rgb(0, 0, 0)\" data-ogsb=\"rgb(255, 255, 255)\">Mi\u00e9rcoles 21 y Jueves 22 de octubre: 09:00 a 16:00 hrs.<\/div>\t\t\t\t\t\t\t\t<\/div>\n\t\t\t\t<\/div>\n\t\t\t\t\t<\/div>\n\t\t<\/div>\n\t\t\t\t\t<\/div>\n\t\t<\/section>\n\t\t\t\t<section class=\"elementor-section elementor-top-section elementor-element elementor-element-12ec8b22 elementor-section-boxed elementor-section-height-default elementor-section-height-default\" data-id=\"12ec8b22\" data-element_type=\"section\" data-e-type=\"section\">\n\t\t\t\t\t\t\t<div class=\"elementor-background-overlay\"><\/div>\n\t\t\t\t\t\t\t<div class=\"elementor-container elementor-column-gap-no\">\n\t\t\t\t\t<div class=\"elementor-column elementor-col-100 elementor-top-column elementor-element elementor-element-2a92513f\" data-id=\"2a92513f\" data-element_type=\"column\" data-e-type=\"column\">\n\t\t\t<div class=\"elementor-widget-wrap\">\n\t\t\t\t\t\t\t<\/div>\n\t\t<\/div>\n\t\t\t\t\t<\/div>\n\t\t<\/section>\n\t\t\t\t<\/div>\n\t\t","protected":false},"excerpt":{"rendered":"<p>Inscripci\u00f3n Colegios Estimados Directores, Orientadores y Profesores:\u00a0 Junto con saludarlos y esperando se encuentren muy bien, les informamos que hemos dado inicio al proceso de inscripci\u00f3n de\u00a0colegios\u00a0para visitar SIAD 2026.\u00a0\u00a0 Tal como el a\u00f1o pasado, se debe completar la planilla de inscripci\u00f3n (archivo Excel) que pueden descargar en el siguiente link:\u00a0FORMULARIO INSCRIPCI\u00d3N 2026, para que [&hellip;]<\/p>\n","protected":false},"author":1,"featured_media":0,"parent":0,"menu_order":0,"comment_status":"closed","ping_status":"closed","template":"elementor_header_footer","meta":{"footnotes":""},"class_list":["post-1004","page","type-page","status-publish","hentry"],"_links":{"self":[{"href":"https:\/\/siad.cl\/cl\/wp-json\/wp\/v2\/pages\/1004","targetHints":{"allow":["GET"]}}],"collection":[{"href":"https:\/\/siad.cl\/cl\/wp-json\/wp\/v2\/pages"}],"about":[{"href":"https:\/\/siad.cl\/cl\/wp-json\/wp\/v2\/types\/page"}],"author":[{"embeddable":true,"href":"https:\/\/siad.cl\/cl\/wp-json\/wp\/v2\/users\/1"}],"replies":[{"embeddable":true,"href":"https:\/\/siad.cl\/cl\/wp-json\/wp\/v2\/comments?post=1004"}],"version-history":[{"count":106,"href":"https:\/\/siad.cl\/cl\/wp-json\/wp\/v2\/pages\/1004\/revisions"}],"predecessor-version":[{"id":3250,"href":"https:\/\/siad.cl\/cl\/wp-json\/wp\/v2\/pages\/1004\/revisions\/3250"}],"wp:attachment":[{"href":"https:\/\/siad.cl\/cl\/wp-json\/wp\/v2\/media?parent=1004"}],"curies":[{"name":"wp","href":"https:\/\/api.w.org\/{rel}","templated":true}]}}